{"id":5819,"date":"2023-09-05T13:09:13","date_gmt":"2023-09-05T13:09:13","guid":{"rendered":"https:\/\/vedibissone.ch\/3-kapelle-des-heiligen-nikolaus-von-fluee\/"},"modified":"2025-09-29T10:10:13","modified_gmt":"2025-09-29T10:10:13","slug":"kapelle-des-heiligen-nikolaus-von-fluee","status":"publish","type":"page","link":"https:\/\/vedibissone.ch\/de\/kapelle-des-heiligen-nikolaus-von-fluee\/","title":{"rendered":"3. Kapelle des Heiligen Nikolaus von Fl\u00fce"},"content":{"rendered":"<p><div class=\"fusion-fullwidth fullwidth-box fusion-builder-row-1 fusion-flex-container has-pattern-background has-mask-background nonhundred-percent-fullwidth non-hundred-percent-height-scrolling\" style=\"--awb-border-radius-top-left:0px;--awb-border-radius-top-right:0px;--awb-border-radius-bottom-right:0px;--awb-border-radius-bottom-left:0px;--awb-flex-wrap:wrap;\" ><div class=\"fusion-builder-row fusion-row fusion-flex-align-items-flex-start fusion-flex-content-wrap\" style=\"max-width:1414.4px;margin-left: calc(-4% \/ 2 );margin-right: calc(-4% \/ 2 );\"><div class=\"fusion-layout-column fusion_builder_column fusion-builder-column-0 fusion_builder_column_1_1 1_1 fusion-flex-column\" style=\"--awb-bg-size:cover;--awb-width-large:100%;--awb-margin-top-large:0px;--awb-spacing-right-large:1.92%;--awb-margin-bottom-large:20px;--awb-spacing-left-large:1.92%;--awb-width-medium:100%;--awb-order-medium:0;--awb-spacing-right-medium:1.92%;--awb-spacing-left-medium:1.92%;--awb-width-small:100%;--awb-order-small:0;--awb-spacing-right-small:1.92%;--awb-spacing-left-small:1.92%;\"><div class=\"fusion-column-wrapper fusion-column-has-shadow fusion-flex-justify-content-flex-start fusion-content-layout-column\"><div class=\"fusion-separator fusion-full-width-sep\" style=\"align-self: center;margin-left: auto;margin-right: auto;margin-top:2%;width:100%;\"><\/div><div class=\"fusion-video fusion-selfhosted-video\" style=\"max-width:100%;\"><div class=\"video-wrapper\"><video playsinline=\"true\" width=\"100%\" style=\"object-fit: cover;\" autoplay=\"true\" preload=\"auto\" controls=\"1\"><source src=\"https:\/\/vedibissone.ch\/wp-content\/uploads\/2025\/08\/03-CAPPELLA-DI-SAN-NICOLAO-DELLA-FLUE-DE.mp4\" type=\"video\/mp4\">Sorry, your browser doesn&#039;t support embedded videos.<\/video><\/div><\/div><\/div><\/div><\/div><\/div><div class=\"fusion-fullwidth fullwidth-box fusion-builder-row-2 fusion-flex-container has-pattern-background has-mask-background nonhundred-percent-fullwidth non-hundred-percent-height-scrolling\" style=\"--awb-border-radius-top-left:0px;--awb-border-radius-top-right:0px;--awb-border-radius-bottom-right:0px;--awb-border-radius-bottom-left:0px;--awb-flex-wrap:wrap;\" ><div class=\"fusion-builder-row fusion-row fusion-flex-align-items-flex-start fusion-flex-justify-content-center fusion-flex-content-wrap\" style=\"max-width:1414.4px;margin-left: calc(-4% \/ 2 );margin-right: calc(-4% \/ 2 );\"><div class=\"fusion-layout-column fusion_builder_column fusion-builder-column-1 fusion_builder_column_3_4 3_4 fusion-flex-column\" style=\"--awb-bg-size:cover;--awb-width-large:75%;--awb-margin-top-large:0px;--awb-spacing-right-large:2.56%;--awb-margin-bottom-large:0px;--awb-spacing-left-large:2.56%;--awb-width-medium:75%;--awb-order-medium:0;--awb-spacing-right-medium:2.56%;--awb-spacing-left-medium:2.56%;--awb-width-small:100%;--awb-order-small:0;--awb-spacing-right-small:1.92%;--awb-spacing-left-small:1.92%;\"><div class=\"fusion-column-wrapper fusion-column-has-shadow fusion-flex-justify-content-flex-start fusion-content-layout-column\"><div class=\"fusion-title title fusion-title-1 fusion-sep-none fusion-title-center fusion-title-text fusion-title-size-one\" style=\"--awb-margin-top-small:30px;--awb-margin-right-small:0px;--awb-margin-bottom-small:60px;--awb-margin-left-small:0px;\"><h1 class=\"fusion-title-heading title-heading-center\" style=\"margin:0;\">3. Kapelle des Heiligen Nikolaus von Fl\u00fce<\/h1><\/div><\/div><\/div><\/div><\/div><div class=\"fusion-fullwidth fullwidth-box fusion-builder-row-3 fusion-flex-container has-pattern-background has-mask-background nonhundred-percent-fullwidth non-hundred-percent-height-scrolling\" style=\"--awb-border-radius-top-left:0px;--awb-border-radius-top-right:0px;--awb-border-radius-bottom-right:0px;--awb-border-radius-bottom-left:0px;--awb-margin-top:100px;--awb-flex-wrap:wrap;\" ><div class=\"fusion-builder-row fusion-row fusion-flex-align-items-flex-start fusion-flex-justify-content-center fusion-flex-content-wrap\" style=\"max-width:1414.4px;margin-left: calc(-4% \/ 2 );margin-right: calc(-4% \/ 2 );\"><div class=\"fusion-layout-column fusion_builder_column fusion-builder-column-2 fusion_builder_column_1_1 1_1 fusion-flex-column\" style=\"--awb-bg-size:cover;--awb-width-large:100%;--awb-margin-top-large:0px;--awb-spacing-right-large:1.92%;--awb-margin-bottom-large:0px;--awb-spacing-left-large:1.92%;--awb-width-medium:100%;--awb-order-medium:0;--awb-spacing-right-medium:1.92%;--awb-spacing-left-medium:1.92%;--awb-width-small:100%;--awb-order-small:0;--awb-spacing-right-small:1.92%;--awb-spacing-left-small:1.92%;\"><div class=\"fusion-column-wrapper fusion-column-has-shadow fusion-flex-justify-content-flex-start fusion-content-layout-column\"><div class=\"fusion-title title fusion-title-2 fusion-sep-none fusion-title-center fusion-title-text fusion-title-size-two\" style=\"--awb-margin-top-small:30px;--awb-margin-right-small:0px;--awb-margin-bottom-small:60px;--awb-margin-left-small:0px;\"><h2 class=\"fusion-title-heading title-heading-center\" style=\"margin:0;\">Die Geschichte<\/h2><\/div><div class=\"fusion-separator fusion-full-width-sep\" style=\"align-self: center;margin-left: auto;margin-right: auto;margin-top:2%;width:100%;\"><\/div><\/div><\/div><div class=\"fusion-layout-column fusion_builder_column fusion-builder-column-3 fusion_builder_column_1_2 1_2 fusion-flex-column\" style=\"--awb-bg-size:cover;--awb-width-large:50%;--awb-margin-top-large:0px;--awb-spacing-right-large:3.84%;--awb-margin-bottom-large:20px;--awb-spacing-left-large:3.84%;--awb-width-medium:50%;--awb-order-medium:0;--awb-spacing-right-medium:3.84%;--awb-spacing-left-medium:3.84%;--awb-width-small:100%;--awb-order-small:0;--awb-spacing-right-small:1.92%;--awb-spacing-left-small:1.92%;\"><div class=\"fusion-column-wrapper fusion-column-has-shadow fusion-flex-justify-content-flex-start fusion-content-layout-column\"><div class=\"fusion-image-element \" style=\"text-align:center;--awb-caption-title-font-family:var(--h2_typography-font-family);--awb-caption-title-font-weight:var(--h2_typography-font-weight);--awb-caption-title-font-style:var(--h2_typography-font-style);--awb-caption-title-size:var(--h2_typography-font-size);--awb-caption-title-transform:var(--h2_typography-text-transform);--awb-caption-title-line-height:var(--h2_typography-line-height);--awb-caption-title-letter-spacing:var(--h2_typography-letter-spacing);\"><span class=\" fusion-imageframe imageframe-none imageframe-1 hover-type-none\"><img decoding=\"async\" width=\"800\" height=\"800\" title=\"VEDI-BISSONE-SAN-NICOLAO-CAPPELLA\" src=\"https:\/\/vedibissone.ch\/wp-content\/uploads\/2025\/06\/VEDI-BISSONE-SAN-NICOLAO-CAPPELLA.jpg\" data-orig-src=\"https:\/\/vedibissone.ch\/wp-content\/uploads\/2025\/06\/VEDI-BISSONE-SAN-NICOLAO-CAPPELLA.jpg\" alt class=\"lazyload img-responsive wp-image-5820\" srcset=\"data:image\/svg+xml,%3Csvg%20xmlns%3D%27http%3A%2F%2Fwww.w3.org%2F2000%2Fsvg%27%20width%3D%27800%27%20height%3D%27800%27%20viewBox%3D%270%200%20800%20800%27%3E%3Crect%20width%3D%27800%27%20height%3D%27800%27%20fill-opacity%3D%220%22%2F%3E%3C%2Fsvg%3E\" data-srcset=\"https:\/\/vedibissone.ch\/wp-content\/uploads\/2025\/06\/VEDI-BISSONE-SAN-NICOLAO-CAPPELLA-200x200.jpg 200w, https:\/\/vedibissone.ch\/wp-content\/uploads\/2025\/06\/VEDI-BISSONE-SAN-NICOLAO-CAPPELLA-400x400.jpg 400w, https:\/\/vedibissone.ch\/wp-content\/uploads\/2025\/06\/VEDI-BISSONE-SAN-NICOLAO-CAPPELLA-600x600.jpg 600w, https:\/\/vedibissone.ch\/wp-content\/uploads\/2025\/06\/VEDI-BISSONE-SAN-NICOLAO-CAPPELLA.jpg 800w\" data-sizes=\"auto\" data-orig-sizes=\"(max-width: 800px) 100vw, 800px\" \/><\/span><\/div><\/div><\/div><div class=\"fusion-layout-column fusion_builder_column fusion-builder-column-4 fusion_builder_column_1_2 1_2 fusion-flex-column\" style=\"--awb-bg-size:cover;--awb-width-large:50%;--awb-margin-top-large:0px;--awb-spacing-right-large:3.84%;--awb-margin-bottom-large:20px;--awb-spacing-left-large:3.84%;--awb-width-medium:50%;--awb-order-medium:0;--awb-spacing-right-medium:3.84%;--awb-spacing-left-medium:3.84%;--awb-width-small:100%;--awb-order-small:0;--awb-spacing-right-small:1.92%;--awb-spacing-left-small:1.92%;\"><div class=\"fusion-column-wrapper fusion-column-has-shadow fusion-flex-justify-content-flex-start fusion-content-layout-column\"><div class=\"fusion-image-element \" style=\"text-align:center;--awb-caption-title-font-family:var(--h2_typography-font-family);--awb-caption-title-font-weight:var(--h2_typography-font-weight);--awb-caption-title-font-style:var(--h2_typography-font-style);--awb-caption-title-size:var(--h2_typography-font-size);--awb-caption-title-transform:var(--h2_typography-text-transform);--awb-caption-title-line-height:var(--h2_typography-line-height);--awb-caption-title-letter-spacing:var(--h2_typography-letter-spacing);\"><span class=\" fusion-imageframe imageframe-none imageframe-2 hover-type-none\"><img decoding=\"async\" width=\"800\" height=\"800\" title=\"VEDI-BISSONE-SAN-NICOLAO-CAPPELLA-2\" src=\"https:\/\/vedibissone.ch\/wp-content\/uploads\/2025\/06\/VEDI-BISSONE-SAN-NICOLAO-CAPPELLA-2.jpg\" data-orig-src=\"https:\/\/vedibissone.ch\/wp-content\/uploads\/2025\/06\/VEDI-BISSONE-SAN-NICOLAO-CAPPELLA-2.jpg\" alt class=\"lazyload img-responsive wp-image-4906\" srcset=\"data:image\/svg+xml,%3Csvg%20xmlns%3D%27http%3A%2F%2Fwww.w3.org%2F2000%2Fsvg%27%20width%3D%27800%27%20height%3D%27800%27%20viewBox%3D%270%200%20800%20800%27%3E%3Crect%20width%3D%27800%27%20height%3D%27800%27%20fill-opacity%3D%220%22%2F%3E%3C%2Fsvg%3E\" data-srcset=\"https:\/\/vedibissone.ch\/wp-content\/uploads\/2025\/06\/VEDI-BISSONE-SAN-NICOLAO-CAPPELLA-2-200x200.jpg 200w, https:\/\/vedibissone.ch\/wp-content\/uploads\/2025\/06\/VEDI-BISSONE-SAN-NICOLAO-CAPPELLA-2-400x400.jpg 400w, https:\/\/vedibissone.ch\/wp-content\/uploads\/2025\/06\/VEDI-BISSONE-SAN-NICOLAO-CAPPELLA-2-600x600.jpg 600w, https:\/\/vedibissone.ch\/wp-content\/uploads\/2025\/06\/VEDI-BISSONE-SAN-NICOLAO-CAPPELLA-2.jpg 800w\" data-sizes=\"auto\" data-orig-sizes=\"(max-width: 800px) 100vw, 800px\" \/><\/span><\/div><\/div><\/div><div class=\"fusion-layout-column fusion_builder_column fusion-builder-column-5 fusion_builder_column_1_1 1_1 fusion-flex-column\" style=\"--awb-bg-size:cover;--awb-width-large:100%;--awb-margin-top-large:0px;--awb-spacing-right-large:1.92%;--awb-margin-bottom-large:20px;--awb-spacing-left-large:1.92%;--awb-width-medium:100%;--awb-order-medium:0;--awb-spacing-right-medium:1.92%;--awb-spacing-left-medium:1.92%;--awb-width-small:100%;--awb-order-small:0;--awb-spacing-right-small:1.92%;--awb-spacing-left-small:1.92%;\"><div class=\"fusion-column-wrapper fusion-column-has-shadow fusion-flex-justify-content-flex-start fusion-content-layout-column\"><div class=\"fusion-separator fusion-full-width-sep\" style=\"align-self: center;margin-left: auto;margin-right: auto;margin-top:2%;width:100%;\"><\/div><div class=\"fusion-text fusion-text-1\"><p>Am 1. September 1939, um 04:45 Uhr, \u00fcberfiel Hitlerdeutschland Polen ohne Vorwarnung. Am n\u00e4chsten Tag ordnete die Schweizer Regierung die allgemeine Mobilisierung der Streitkr\u00e4fte unter dem Kommando von General Guisan an. Die Glocken l\u00e4uteten mehrere Stunden lang. Die Bef\u00fcrchtung, dass der Konflikt auch die Schweiz betreffen w\u00fcrde, machte sich \u00fcberall breit. Neun Monate sp\u00e4ter, w\u00e4hrend einer feierlichen Messe, gelobten die Einwohner von Bissone auf Aufforderung ihres Pfarrers Felice Camponovo dem Heiligen Nikolaus von Fl\u00fce, dem Schutzpatron der Eidgenossenschaft, eine Kapelle zu Ehren zu errichten, wenn der Krieg unser Land weiterhin verschonen w\u00fcrde. Es war der 19. Mai 1940. Als der Konflikt ohne Folgen f\u00fcr die Schweiz endete, wurde die Kapelle nach einem Entwurf des Architekten Antonio Bordoli und des Baumeisters Ugo Orsatti, des damaligen B\u00fcrgermeisters von Bissone, errichtet. Die Arbeiten wurden im Mai 1949 abgeschlossen.<\/p>\n<p>Seitdem ist die Kapelle ein Ort der Meditation geblieben und hat f\u00fcr die Einwohner von Bissone einen hohen Gef\u00fchlswert.<\/p>\n<\/div><\/div><\/div><\/div><\/div><div class=\"fusion-fullwidth fullwidth-box fusion-builder-row-4 fusion-flex-container has-pattern-background has-mask-background nonhundred-percent-fullwidth non-hundred-percent-height-scrolling\" style=\"--awb-border-radius-top-left:0px;--awb-border-radius-top-right:0px;--awb-border-radius-bottom-right:0px;--awb-border-radius-bottom-left:0px;--awb-flex-wrap:wrap;\" ><div class=\"fusion-builder-row fusion-row fusion-flex-align-items-center fusion-flex-content-wrap\" style=\"max-width:1414.4px;margin-left: calc(-4% \/ 2 );margin-right: calc(-4% \/ 2 );\"><div class=\"fusion-layout-column fusion_builder_column fusion-builder-column-6 fusion_builder_column_2_5 2_5 fusion-flex-column\" style=\"--awb-bg-size:cover;--awb-width-large:40%;--awb-margin-top-large:0px;--awb-spacing-right-large:4.8%;--awb-margin-bottom-large:20px;--awb-spacing-left-large:4.8%;--awb-width-medium:40%;--awb-order-medium:0;--awb-spacing-right-medium:4.8%;--awb-spacing-left-medium:4.8%;--awb-width-small:100%;--awb-order-small:0;--awb-spacing-right-small:1.92%;--awb-spacing-left-small:1.92%;\"><div class=\"fusion-column-wrapper fusion-column-has-shadow fusion-flex-justify-content-flex-start fusion-content-layout-column\"><div class=\"fusion-image-element \" style=\"text-align:center;--awb-caption-title-font-family:var(--h2_typography-font-family);--awb-caption-title-font-weight:var(--h2_typography-font-weight);--awb-caption-title-font-style:var(--h2_typography-font-style);--awb-caption-title-size:var(--h2_typography-font-size);--awb-caption-title-transform:var(--h2_typography-text-transform);--awb-caption-title-line-height:var(--h2_typography-line-height);--awb-caption-title-letter-spacing:var(--h2_typography-letter-spacing);\"><span class=\" fusion-imageframe imageframe-none imageframe-3 hover-type-none\"><img decoding=\"async\" width=\"800\" height=\"800\" title=\"VEDI-BISSONE-SAN-NICOLAO-EPIGRAFE\" src=\"https:\/\/vedibissone.ch\/wp-content\/uploads\/2025\/06\/VEDI-BISSONE-SAN-NICOLAO-EPIGRAFE.jpg\" data-orig-src=\"https:\/\/vedibissone.ch\/wp-content\/uploads\/2025\/06\/VEDI-BISSONE-SAN-NICOLAO-EPIGRAFE.jpg\" alt class=\"lazyload img-responsive wp-image-4902\" srcset=\"data:image\/svg+xml,%3Csvg%20xmlns%3D%27http%3A%2F%2Fwww.w3.org%2F2000%2Fsvg%27%20width%3D%27800%27%20height%3D%27800%27%20viewBox%3D%270%200%20800%20800%27%3E%3Crect%20width%3D%27800%27%20height%3D%27800%27%20fill-opacity%3D%220%22%2F%3E%3C%2Fsvg%3E\" data-srcset=\"https:\/\/vedibissone.ch\/wp-content\/uploads\/2025\/06\/VEDI-BISSONE-SAN-NICOLAO-EPIGRAFE-200x200.jpg 200w, https:\/\/vedibissone.ch\/wp-content\/uploads\/2025\/06\/VEDI-BISSONE-SAN-NICOLAO-EPIGRAFE-400x400.jpg 400w, https:\/\/vedibissone.ch\/wp-content\/uploads\/2025\/06\/VEDI-BISSONE-SAN-NICOLAO-EPIGRAFE-600x600.jpg 600w, https:\/\/vedibissone.ch\/wp-content\/uploads\/2025\/06\/VEDI-BISSONE-SAN-NICOLAO-EPIGRAFE.jpg 800w\" data-sizes=\"auto\" data-orig-sizes=\"(max-width: 800px) 100vw, 600px\" \/><\/span><\/div><div class=\"fusion-text fusion-text-2\"><p style=\"text-align: center;\"><em>1948 \u2013 Epigraph Ex voto der Bissonesi. <\/em><\/p>\n<\/div><\/div><\/div><\/div><\/div><\/p>\n","protected":false},"excerpt":{"rendered":"","protected":false},"author":1,"featured_media":5820,"parent":0,"menu_order":0,"comment_status":"closed","ping_status":"closed","template":"100-width.php","meta":{"footnotes":""},"class_list":["post-5819","page","type-page","status-publish","has-post-thumbnail","hentry"],"yoast_head":"<!-- This site is optimized with the Yoast SEO plugin v27.4 - https:\/\/yoast.com\/product\/yoast-seo-wordpress\/ -->\n<title>3. Kapelle des Heiligen Nikolaus von Fl\u00fce - Vedi Bissone<\/title>\n<meta name=\"robots\" content=\"index, follow, max-snippet:-1, max-image-preview:large, max-video-preview:-1\" \/>\n<link rel=\"canonical\" href=\"https:\/\/vedibissone.ch\/la-cappella-di-san-nicolao-della-flue\/\" \/>\n<meta property=\"og:locale\" content=\"de_DE\" \/>\n<meta property=\"og:type\" content=\"article\" \/>\n<meta property=\"og:title\" content=\"3. Kapelle des Heiligen Nikolaus von Fl\u00fce - Vedi Bissone\" \/>\n<meta property=\"og:url\" content=\"https:\/\/vedibissone.ch\/la-cappella-di-san-nicolao-della-flue\/\" \/>\n<meta property=\"og:site_name\" content=\"Vedi Bissone\" \/>\n<meta property=\"article:modified_time\" content=\"2025-09-29T10:10:13+00:00\" \/>\n<meta property=\"og:image\" content=\"https:\/\/vedibissone.ch\/wp-content\/uploads\/2025\/06\/VEDI-BISSONE-SAN-NICOLAO-CAPPELLA.jpg\" \/>\n\t<meta property=\"og:image:width\" content=\"800\" \/>\n\t<meta property=\"og:image:height\" content=\"800\" \/>\n\t<meta property=\"og:image:type\" content=\"image\/jpeg\" \/>\n<meta name=\"twitter:card\" content=\"summary_large_image\" \/>\n<meta name=\"twitter:label1\" content=\"Gesch\u00e4tzte Lesezeit\" \/>\n\t<meta name=\"twitter:data1\" content=\"2\u00a0Minuten\" \/>\n<script type=\"application\/ld+json\" class=\"yoast-schema-graph\">{\"@context\":\"https:\\\/\\\/schema.org\",\"@graph\":[{\"@type\":\"WebPage\",\"@id\":\"https:\\\/\\\/vedibissone.ch\\\/la-cappella-di-san-nicolao-della-flue\\\/\",\"url\":\"https:\\\/\\\/vedibissone.ch\\\/la-cappella-di-san-nicolao-della-flue\\\/\",\"name\":\"3. Kapelle des Heiligen Nikolaus von Fl\u00fce - Vedi Bissone\",\"isPartOf\":{\"@id\":\"https:\\\/\\\/vedibissone.ch\\\/en\\\/#website\"},\"primaryImageOfPage\":{\"@id\":\"https:\\\/\\\/vedibissone.ch\\\/la-cappella-di-san-nicolao-della-flue\\\/#primaryimage\"},\"image\":{\"@id\":\"https:\\\/\\\/vedibissone.ch\\\/la-cappella-di-san-nicolao-della-flue\\\/#primaryimage\"},\"thumbnailUrl\":\"https:\\\/\\\/vedibissone.ch\\\/wp-content\\\/uploads\\\/2025\\\/06\\\/VEDI-BISSONE-SAN-NICOLAO-CAPPELLA.jpg\",\"datePublished\":\"2023-09-05T13:09:13+00:00\",\"dateModified\":\"2025-09-29T10:10:13+00:00\",\"breadcrumb\":{\"@id\":\"https:\\\/\\\/vedibissone.ch\\\/la-cappella-di-san-nicolao-della-flue\\\/#breadcrumb\"},\"inLanguage\":\"de\",\"potentialAction\":[{\"@type\":\"ReadAction\",\"target\":[\"https:\\\/\\\/vedibissone.ch\\\/la-cappella-di-san-nicolao-della-flue\\\/\"]}]},{\"@type\":\"ImageObject\",\"inLanguage\":\"de\",\"@id\":\"https:\\\/\\\/vedibissone.ch\\\/la-cappella-di-san-nicolao-della-flue\\\/#primaryimage\",\"url\":\"https:\\\/\\\/vedibissone.ch\\\/wp-content\\\/uploads\\\/2025\\\/06\\\/VEDI-BISSONE-SAN-NICOLAO-CAPPELLA.jpg\",\"contentUrl\":\"https:\\\/\\\/vedibissone.ch\\\/wp-content\\\/uploads\\\/2025\\\/06\\\/VEDI-BISSONE-SAN-NICOLAO-CAPPELLA.jpg\",\"width\":800,\"height\":800},{\"@type\":\"BreadcrumbList\",\"@id\":\"https:\\\/\\\/vedibissone.ch\\\/la-cappella-di-san-nicolao-della-flue\\\/#breadcrumb\",\"itemListElement\":[{\"@type\":\"ListItem\",\"position\":1,\"name\":\"Home\",\"item\":\"https:\\\/\\\/vedibissone.ch\\\/\"},{\"@type\":\"ListItem\",\"position\":2,\"name\":\"3. Kapelle des Heiligen Nikolaus von Fl\u00fce\"}]},{\"@type\":\"WebSite\",\"@id\":\"https:\\\/\\\/vedibissone.ch\\\/en\\\/#website\",\"url\":\"https:\\\/\\\/vedibissone.ch\\\/en\\\/\",\"name\":\"Vedi Bissone\",\"description\":\"Arte, storia e cultura\",\"publisher\":{\"@id\":\"https:\\\/\\\/vedibissone.ch\\\/en\\\/#organization\"},\"potentialAction\":[{\"@type\":\"SearchAction\",\"target\":{\"@type\":\"EntryPoint\",\"urlTemplate\":\"https:\\\/\\\/vedibissone.ch\\\/en\\\/?s={search_term_string}\"},\"query-input\":{\"@type\":\"PropertyValueSpecification\",\"valueRequired\":true,\"valueName\":\"search_term_string\"}}],\"inLanguage\":\"de\"},{\"@type\":\"Organization\",\"@id\":\"https:\\\/\\\/vedibissone.ch\\\/en\\\/#organization\",\"name\":\"Vedi Bissone\",\"url\":\"https:\\\/\\\/vedibissone.ch\\\/en\\\/\",\"logo\":{\"@type\":\"ImageObject\",\"inLanguage\":\"de\",\"@id\":\"https:\\\/\\\/vedibissone.ch\\\/en\\\/#\\\/schema\\\/logo\\\/image\\\/\",\"url\":\"https:\\\/\\\/vedibissone.ch\\\/wp-content\\\/uploads\\\/2023\\\/06\\\/Logo-Bissone-def.png\",\"contentUrl\":\"https:\\\/\\\/vedibissone.ch\\\/wp-content\\\/uploads\\\/2023\\\/06\\\/Logo-Bissone-def.png\",\"width\":600,\"height\":183,\"caption\":\"Vedi Bissone\"},\"image\":{\"@id\":\"https:\\\/\\\/vedibissone.ch\\\/en\\\/#\\\/schema\\\/logo\\\/image\\\/\"}}]}<\/script>\n<!-- \/ Yoast SEO plugin. -->","yoast_head_json":{"title":"3. Kapelle des Heiligen Nikolaus von Fl\u00fce - Vedi Bissone","robots":{"index":"index","follow":"follow","max-snippet":"max-snippet:-1","max-image-preview":"max-image-preview:large","max-video-preview":"max-video-preview:-1"},"canonical":"https:\/\/vedibissone.ch\/la-cappella-di-san-nicolao-della-flue\/","og_locale":"de_DE","og_type":"article","og_title":"3. Kapelle des Heiligen Nikolaus von Fl\u00fce - Vedi Bissone","og_url":"https:\/\/vedibissone.ch\/la-cappella-di-san-nicolao-della-flue\/","og_site_name":"Vedi Bissone","article_modified_time":"2025-09-29T10:10:13+00:00","og_image":[{"width":800,"height":800,"url":"https:\/\/vedibissone.ch\/wp-content\/uploads\/2025\/06\/VEDI-BISSONE-SAN-NICOLAO-CAPPELLA.jpg","type":"image\/jpeg"}],"twitter_card":"summary_large_image","twitter_misc":{"Gesch\u00e4tzte Lesezeit":"2\u00a0Minuten"},"schema":{"@context":"https:\/\/schema.org","@graph":[{"@type":"WebPage","@id":"https:\/\/vedibissone.ch\/la-cappella-di-san-nicolao-della-flue\/","url":"https:\/\/vedibissone.ch\/la-cappella-di-san-nicolao-della-flue\/","name":"3. Kapelle des Heiligen Nikolaus von Fl\u00fce - Vedi Bissone","isPartOf":{"@id":"https:\/\/vedibissone.ch\/en\/#website"},"primaryImageOfPage":{"@id":"https:\/\/vedibissone.ch\/la-cappella-di-san-nicolao-della-flue\/#primaryimage"},"image":{"@id":"https:\/\/vedibissone.ch\/la-cappella-di-san-nicolao-della-flue\/#primaryimage"},"thumbnailUrl":"https:\/\/vedibissone.ch\/wp-content\/uploads\/2025\/06\/VEDI-BISSONE-SAN-NICOLAO-CAPPELLA.jpg","datePublished":"2023-09-05T13:09:13+00:00","dateModified":"2025-09-29T10:10:13+00:00","breadcrumb":{"@id":"https:\/\/vedibissone.ch\/la-cappella-di-san-nicolao-della-flue\/#breadcrumb"},"inLanguage":"de","potentialAction":[{"@type":"ReadAction","target":["https:\/\/vedibissone.ch\/la-cappella-di-san-nicolao-della-flue\/"]}]},{"@type":"ImageObject","inLanguage":"de","@id":"https:\/\/vedibissone.ch\/la-cappella-di-san-nicolao-della-flue\/#primaryimage","url":"https:\/\/vedibissone.ch\/wp-content\/uploads\/2025\/06\/VEDI-BISSONE-SAN-NICOLAO-CAPPELLA.jpg","contentUrl":"https:\/\/vedibissone.ch\/wp-content\/uploads\/2025\/06\/VEDI-BISSONE-SAN-NICOLAO-CAPPELLA.jpg","width":800,"height":800},{"@type":"BreadcrumbList","@id":"https:\/\/vedibissone.ch\/la-cappella-di-san-nicolao-della-flue\/#breadcrumb","itemListElement":[{"@type":"ListItem","position":1,"name":"Home","item":"https:\/\/vedibissone.ch\/"},{"@type":"ListItem","position":2,"name":"3. Kapelle des Heiligen Nikolaus von Fl\u00fce"}]},{"@type":"WebSite","@id":"https:\/\/vedibissone.ch\/en\/#website","url":"https:\/\/vedibissone.ch\/en\/","name":"Vedi Bissone","description":"Arte, storia e cultura","publisher":{"@id":"https:\/\/vedibissone.ch\/en\/#organization"},"potentialAction":[{"@type":"SearchAction","target":{"@type":"EntryPoint","urlTemplate":"https:\/\/vedibissone.ch\/en\/?s={search_term_string}"},"query-input":{"@type":"PropertyValueSpecification","valueRequired":true,"valueName":"search_term_string"}}],"inLanguage":"de"},{"@type":"Organization","@id":"https:\/\/vedibissone.ch\/en\/#organization","name":"Vedi Bissone","url":"https:\/\/vedibissone.ch\/en\/","logo":{"@type":"ImageObject","inLanguage":"de","@id":"https:\/\/vedibissone.ch\/en\/#\/schema\/logo\/image\/","url":"https:\/\/vedibissone.ch\/wp-content\/uploads\/2023\/06\/Logo-Bissone-def.png","contentUrl":"https:\/\/vedibissone.ch\/wp-content\/uploads\/2023\/06\/Logo-Bissone-def.png","width":600,"height":183,"caption":"Vedi Bissone"},"image":{"@id":"https:\/\/vedibissone.ch\/en\/#\/schema\/logo\/image\/"}}]}},"_links":{"self":[{"href":"https:\/\/vedibissone.ch\/de\/wp-json\/wp\/v2\/pages\/5819","targetHints":{"allow":["GET"]}}],"collection":[{"href":"https:\/\/vedibissone.ch\/de\/wp-json\/wp\/v2\/pages"}],"about":[{"href":"https:\/\/vedibissone.ch\/de\/wp-json\/wp\/v2\/types\/page"}],"author":[{"embeddable":true,"href":"https:\/\/vedibissone.ch\/de\/wp-json\/wp\/v2\/users\/1"}],"replies":[{"embeddable":true,"href":"https:\/\/vedibissone.ch\/de\/wp-json\/wp\/v2\/comments?post=5819"}],"version-history":[{"count":6,"href":"https:\/\/vedibissone.ch\/de\/wp-json\/wp\/v2\/pages\/5819\/revisions"}],"predecessor-version":[{"id":6354,"href":"https:\/\/vedibissone.ch\/de\/wp-json\/wp\/v2\/pages\/5819\/revisions\/6354"}],"wp:featuredmedia":[{"embeddable":true,"href":"https:\/\/vedibissone.ch\/de\/wp-json\/wp\/v2\/media\/5820"}],"wp:attachment":[{"href":"https:\/\/vedibissone.ch\/de\/wp-json\/wp\/v2\/media?parent=5819"}],"curies":[{"name":"wp","href":"https:\/\/api.w.org\/{rel}","templated":true}]}}