{"id":5894,"date":"2023-09-05T13:43:21","date_gmt":"2023-09-05T13:43:21","guid":{"rendered":"https:\/\/vedibissone.ch\/16-der-fischer\/"},"modified":"2025-09-29T10:09:21","modified_gmt":"2025-09-29T10:09:21","slug":"der-fischer","status":"publish","type":"page","link":"https:\/\/vedibissone.ch\/de\/der-fischer\/","title":{"rendered":"16. Der Fischer"},"content":{"rendered":"<p><div class=\"fusion-fullwidth fullwidth-box fusion-builder-row-1 fusion-flex-container has-pattern-background has-mask-background nonhundred-percent-fullwidth non-hundred-percent-height-scrolling\" style=\"--awb-border-radius-top-left:0px;--awb-border-radius-top-right:0px;--awb-border-radius-bottom-right:0px;--awb-border-radius-bottom-left:0px;--awb-flex-wrap:wrap;\" ><div class=\"fusion-builder-row fusion-row fusion-flex-align-items-flex-start fusion-flex-content-wrap\" style=\"max-width:1414.4px;margin-left: calc(-4% \/ 2 );margin-right: calc(-4% \/ 2 );\"><div class=\"fusion-layout-column fusion_builder_column fusion-builder-column-0 fusion_builder_column_1_1 1_1 fusion-flex-column\" style=\"--awb-bg-size:cover;--awb-width-large:100%;--awb-margin-top-large:0px;--awb-spacing-right-large:1.92%;--awb-margin-bottom-large:20px;--awb-spacing-left-large:1.92%;--awb-width-medium:100%;--awb-order-medium:0;--awb-spacing-right-medium:1.92%;--awb-spacing-left-medium:1.92%;--awb-width-small:100%;--awb-order-small:0;--awb-spacing-right-small:1.92%;--awb-spacing-left-small:1.92%;\"><div class=\"fusion-column-wrapper fusion-column-has-shadow fusion-flex-justify-content-flex-start fusion-content-layout-column\"><div class=\"fusion-separator fusion-full-width-sep\" style=\"align-self: center;margin-left: auto;margin-right: auto;margin-top:2%;width:100%;\"><\/div><div class=\"fusion-video fusion-selfhosted-video\" style=\"max-width:100%;\"><div class=\"video-wrapper\"><video playsinline=\"true\" width=\"100%\" style=\"object-fit: cover;\" autoplay=\"true\" preload=\"auto\" controls=\"1\"><source src=\"https:\/\/vedibissone.ch\/wp-content\/uploads\/2025\/08\/16-IL-PESCATORE-DE.mp4\" type=\"video\/mp4\">Sorry, your browser doesn&#039;t support embedded videos.<\/video><\/div><\/div><\/div><\/div><\/div><\/div><div class=\"fusion-fullwidth fullwidth-box fusion-builder-row-2 fusion-flex-container has-pattern-background has-mask-background nonhundred-percent-fullwidth non-hundred-percent-height-scrolling\" style=\"--awb-border-radius-top-left:0px;--awb-border-radius-top-right:0px;--awb-border-radius-bottom-right:0px;--awb-border-radius-bottom-left:0px;--awb-flex-wrap:wrap;\" ><div class=\"fusion-builder-row fusion-row fusion-flex-align-items-flex-start fusion-flex-justify-content-center fusion-flex-content-wrap\" style=\"max-width:1414.4px;margin-left: calc(-4% \/ 2 );margin-right: calc(-4% \/ 2 );\"><div class=\"fusion-layout-column fusion_builder_column fusion-builder-column-1 fusion_builder_column_3_4 3_4 fusion-flex-column\" style=\"--awb-bg-size:cover;--awb-width-large:75%;--awb-margin-top-large:0px;--awb-spacing-right-large:2.56%;--awb-margin-bottom-large:0px;--awb-spacing-left-large:2.56%;--awb-width-medium:75%;--awb-order-medium:0;--awb-spacing-right-medium:2.56%;--awb-spacing-left-medium:2.56%;--awb-width-small:100%;--awb-order-small:0;--awb-spacing-right-small:1.92%;--awb-spacing-left-small:1.92%;\"><div class=\"fusion-column-wrapper fusion-column-has-shadow fusion-flex-justify-content-flex-start fusion-content-layout-column\"><div class=\"fusion-title title fusion-title-1 fusion-sep-none fusion-title-center fusion-title-text fusion-title-size-two\" style=\"--awb-margin-top:25px;--awb-margin-bottom:70px;--awb-margin-top-small:30px;--awb-margin-right-small:0px;--awb-margin-bottom-small:60px;--awb-margin-left-small:0px;\"><h2 class=\"fusion-title-heading title-heading-center\" style=\"margin:0;\">16. Der Fischer<\/h2><\/div><div class=\"fusion-text fusion-text-1 fusion-text-no-margin\" style=\"--awb-content-alignment:center;--awb-font-size:20px;--awb-text-color:var(--awb-color8);--awb-margin-bottom:80px;\"><p>Die Bronzeskulptur des deutsch-schweizerischen K\u00fcnstlers G\u00fcnter Gianni Piontek, die 2002 am Seeufer aufgestellt wurde, erinnert an die Figur des Fischers, die das Leben und die Wirtschaft von Bissone seit Jahrhunderten gepr\u00e4gt hat.<\/p>\n<\/div><\/div><\/div><div class=\"fusion-layout-column fusion_builder_column fusion-builder-column-2 fusion_builder_column_1_1 1_1 fusion-flex-column\" style=\"--awb-bg-size:cover;--awb-width-large:100%;--awb-margin-top-large:0px;--awb-spacing-right-large:1.92%;--awb-margin-bottom-large:20px;--awb-spacing-left-large:1.92%;--awb-width-medium:100%;--awb-order-medium:0;--awb-spacing-right-medium:1.92%;--awb-spacing-left-medium:1.92%;--awb-width-small:100%;--awb-order-small:0;--awb-spacing-right-small:1.92%;--awb-spacing-left-small:1.92%;\"><div class=\"fusion-column-wrapper fusion-column-has-shadow fusion-flex-justify-content-flex-start fusion-content-layout-column\"><div class=\"fusion-image-element \" style=\"text-align:center;--awb-caption-title-font-family:var(--h2_typography-font-family);--awb-caption-title-font-weight:var(--h2_typography-font-weight);--awb-caption-title-font-style:var(--h2_typography-font-style);--awb-caption-title-size:var(--h2_typography-font-size);--awb-caption-title-transform:var(--h2_typography-text-transform);--awb-caption-title-line-height:var(--h2_typography-line-height);--awb-caption-title-letter-spacing:var(--h2_typography-letter-spacing);\"><span class=\" fusion-imageframe imageframe-none imageframe-1 hover-type-none\"><img decoding=\"async\" width=\"578\" height=\"435\" title=\"16. Il pescatore\" src=\"https:\/\/vedibissone.ch\/wp-content\/uploads\/2025\/06\/16.-Il-pescatore-.jpg\" data-orig-src=\"https:\/\/vedibissone.ch\/wp-content\/uploads\/2025\/06\/16.-Il-pescatore-.jpg\" alt class=\"lazyload img-responsive wp-image-4810\" srcset=\"data:image\/svg+xml,%3Csvg%20xmlns%3D%27http%3A%2F%2Fwww.w3.org%2F2000%2Fsvg%27%20width%3D%27578%27%20height%3D%27435%27%20viewBox%3D%270%200%20578%20435%27%3E%3Crect%20width%3D%27578%27%20height%3D%27435%27%20fill-opacity%3D%220%22%2F%3E%3C%2Fsvg%3E\" data-srcset=\"https:\/\/vedibissone.ch\/wp-content\/uploads\/2025\/06\/16.-Il-pescatore--200x151.jpg 200w, https:\/\/vedibissone.ch\/wp-content\/uploads\/2025\/06\/16.-Il-pescatore--400x301.jpg 400w, https:\/\/vedibissone.ch\/wp-content\/uploads\/2025\/06\/16.-Il-pescatore-.jpg 578w\" data-sizes=\"auto\" data-orig-sizes=\"(max-width: 800px) 100vw, 578px\" \/><\/span><\/div><\/div><\/div><\/div><\/div><div class=\"fusion-fullwidth fullwidth-box fusion-builder-row-3 fusion-flex-container has-pattern-background has-mask-background nonhundred-percent-fullwidth non-hundred-percent-height-scrolling\" style=\"--awb-border-radius-top-left:0px;--awb-border-radius-top-right:0px;--awb-border-radius-bottom-right:0px;--awb-border-radius-bottom-left:0px;--awb-margin-top:100px;--awb-flex-wrap:wrap;\" ><div class=\"fusion-builder-row fusion-row fusion-flex-align-items-flex-start fusion-flex-justify-content-center fusion-flex-content-wrap\" style=\"max-width:1414.4px;margin-left: calc(-4% \/ 2 );margin-right: calc(-4% \/ 2 );\"><div class=\"fusion-layout-column fusion_builder_column fusion-builder-column-3 fusion_builder_column_1_1 1_1 fusion-flex-column\" style=\"--awb-bg-size:cover;--awb-width-large:100%;--awb-margin-top-large:0px;--awb-spacing-right-large:1.92%;--awb-margin-bottom-large:0px;--awb-spacing-left-large:1.92%;--awb-width-medium:100%;--awb-order-medium:0;--awb-spacing-right-medium:1.92%;--awb-spacing-left-medium:1.92%;--awb-width-small:100%;--awb-order-small:0;--awb-spacing-right-small:1.92%;--awb-spacing-left-small:1.92%;\"><div class=\"fusion-column-wrapper fusion-column-has-shadow fusion-flex-justify-content-flex-start fusion-content-layout-column\"><div class=\"fusion-title title fusion-title-2 fusion-no-small-visibility fusion-sep-none fusion-title-center fusion-title-text fusion-title-size-two\" style=\"--awb-margin-top:25px;--awb-margin-bottom:70px;--awb-margin-top-small:30px;--awb-margin-right-small:0px;--awb-margin-bottom-small:60px;--awb-margin-left-small:0px;\"><h2 class=\"fusion-title-heading title-heading-center\" style=\"margin:0;\">Die Geschichte<\/h2><\/div><div class=\"fusion-title title fusion-title-3 fusion-no-medium-visibility fusion-no-large-visibility fusion-sep-none fusion-title-text fusion-title-size-two\" style=\"--awb-margin-top:25px;--awb-margin-bottom:70px;--awb-margin-top-small:30px;--awb-margin-right-small:0px;--awb-margin-bottom-small:60px;--awb-margin-left-small:0px;\"><h2 class=\"fusion-title-heading title-heading-left\" style=\"margin:0;\">Die Geschichte<\/h2><\/div><div class=\"fusion-text fusion-text-2\"><p>Der 1929 in Zollikon (ZH) geborene K\u00fcnstler ist daf\u00fcr bekannt, dass er in seinen Werken Stimmungen, Haltungen und Br\u00e4uche des t\u00e4glichen Lebens wiedergibt. In diesem Werk, einer Hommage an die Gemeinde der Familie Arturo Job, ist der Fischer in der uralten Geste des Auswerfens einer Leine dargestellt. Er ist das Sinnbild aller Fischer, die seit Jahrhunderten mit ihren Booten Tag und Nacht die Gew\u00e4sser des Ceresio durchpfl\u00fcgen, ihre Netze oder die Tirlindana man\u00f6vrieren und den pl\u00f6tzlichen Winden trotzen, die von den Bergen heraufziehen.<\/p>\n<\/div><\/div><\/div><\/div><\/div><\/p>\n","protected":false},"excerpt":{"rendered":"","protected":false},"author":1,"featured_media":0,"parent":0,"menu_order":0,"comment_status":"closed","ping_status":"closed","template":"100-width.php","meta":{"footnotes":""},"class_list":["post-5894","page","type-page","status-publish","hentry"],"yoast_head":"<!-- This site is optimized with the Yoast SEO plugin v27.4 - https:\/\/yoast.com\/product\/yoast-seo-wordpress\/ -->\n<title>16. Der Fischer - Vedi Bissone<\/title>\n<meta name=\"robots\" content=\"index, follow, max-snippet:-1, max-image-preview:large, max-video-preview:-1\" \/>\n<link rel=\"canonical\" href=\"https:\/\/vedibissone.ch\/il-pescatore\/\" \/>\n<meta property=\"og:locale\" content=\"de_DE\" \/>\n<meta property=\"og:type\" content=\"article\" \/>\n<meta property=\"og:title\" content=\"16. Der Fischer - Vedi Bissone\" \/>\n<meta property=\"og:url\" content=\"https:\/\/vedibissone.ch\/il-pescatore\/\" \/>\n<meta property=\"og:site_name\" content=\"Vedi Bissone\" \/>\n<meta property=\"article:modified_time\" content=\"2025-09-29T10:09:21+00:00\" \/>\n<meta name=\"twitter:card\" content=\"summary_large_image\" \/>\n<meta name=\"twitter:label1\" content=\"Gesch\u00e4tzte Lesezeit\" \/>\n\t<meta name=\"twitter:data1\" content=\"1\u00a0Minute\" \/>\n<script type=\"application\/ld+json\" class=\"yoast-schema-graph\">{\"@context\":\"https:\\\/\\\/schema.org\",\"@graph\":[{\"@type\":\"WebPage\",\"@id\":\"https:\\\/\\\/vedibissone.ch\\\/il-pescatore\\\/\",\"url\":\"https:\\\/\\\/vedibissone.ch\\\/il-pescatore\\\/\",\"name\":\"16. Der Fischer - Vedi Bissone\",\"isPartOf\":{\"@id\":\"https:\\\/\\\/vedibissone.ch\\\/en\\\/#website\"},\"datePublished\":\"2023-09-05T13:43:21+00:00\",\"dateModified\":\"2025-09-29T10:09:21+00:00\",\"breadcrumb\":{\"@id\":\"https:\\\/\\\/vedibissone.ch\\\/il-pescatore\\\/#breadcrumb\"},\"inLanguage\":\"de\",\"potentialAction\":[{\"@type\":\"ReadAction\",\"target\":[\"https:\\\/\\\/vedibissone.ch\\\/il-pescatore\\\/\"]}]},{\"@type\":\"BreadcrumbList\",\"@id\":\"https:\\\/\\\/vedibissone.ch\\\/il-pescatore\\\/#breadcrumb\",\"itemListElement\":[{\"@type\":\"ListItem\",\"position\":1,\"name\":\"Home\",\"item\":\"https:\\\/\\\/vedibissone.ch\\\/\"},{\"@type\":\"ListItem\",\"position\":2,\"name\":\"16. Der Fischer\"}]},{\"@type\":\"WebSite\",\"@id\":\"https:\\\/\\\/vedibissone.ch\\\/en\\\/#website\",\"url\":\"https:\\\/\\\/vedibissone.ch\\\/en\\\/\",\"name\":\"Vedi Bissone\",\"description\":\"Arte, storia e cultura\",\"publisher\":{\"@id\":\"https:\\\/\\\/vedibissone.ch\\\/en\\\/#organization\"},\"potentialAction\":[{\"@type\":\"SearchAction\",\"target\":{\"@type\":\"EntryPoint\",\"urlTemplate\":\"https:\\\/\\\/vedibissone.ch\\\/en\\\/?s={search_term_string}\"},\"query-input\":{\"@type\":\"PropertyValueSpecification\",\"valueRequired\":true,\"valueName\":\"search_term_string\"}}],\"inLanguage\":\"de\"},{\"@type\":\"Organization\",\"@id\":\"https:\\\/\\\/vedibissone.ch\\\/en\\\/#organization\",\"name\":\"Vedi Bissone\",\"url\":\"https:\\\/\\\/vedibissone.ch\\\/en\\\/\",\"logo\":{\"@type\":\"ImageObject\",\"inLanguage\":\"de\",\"@id\":\"https:\\\/\\\/vedibissone.ch\\\/en\\\/#\\\/schema\\\/logo\\\/image\\\/\",\"url\":\"https:\\\/\\\/vedibissone.ch\\\/wp-content\\\/uploads\\\/2023\\\/06\\\/Logo-Bissone-def.png\",\"contentUrl\":\"https:\\\/\\\/vedibissone.ch\\\/wp-content\\\/uploads\\\/2023\\\/06\\\/Logo-Bissone-def.png\",\"width\":600,\"height\":183,\"caption\":\"Vedi Bissone\"},\"image\":{\"@id\":\"https:\\\/\\\/vedibissone.ch\\\/en\\\/#\\\/schema\\\/logo\\\/image\\\/\"}}]}<\/script>\n<!-- \/ Yoast SEO plugin. -->","yoast_head_json":{"title":"16. Der Fischer - Vedi Bissone","robots":{"index":"index","follow":"follow","max-snippet":"max-snippet:-1","max-image-preview":"max-image-preview:large","max-video-preview":"max-video-preview:-1"},"canonical":"https:\/\/vedibissone.ch\/il-pescatore\/","og_locale":"de_DE","og_type":"article","og_title":"16. Der Fischer - Vedi Bissone","og_url":"https:\/\/vedibissone.ch\/il-pescatore\/","og_site_name":"Vedi Bissone","article_modified_time":"2025-09-29T10:09:21+00:00","twitter_card":"summary_large_image","twitter_misc":{"Gesch\u00e4tzte Lesezeit":"1\u00a0Minute"},"schema":{"@context":"https:\/\/schema.org","@graph":[{"@type":"WebPage","@id":"https:\/\/vedibissone.ch\/il-pescatore\/","url":"https:\/\/vedibissone.ch\/il-pescatore\/","name":"16. Der Fischer - Vedi Bissone","isPartOf":{"@id":"https:\/\/vedibissone.ch\/en\/#website"},"datePublished":"2023-09-05T13:43:21+00:00","dateModified":"2025-09-29T10:09:21+00:00","breadcrumb":{"@id":"https:\/\/vedibissone.ch\/il-pescatore\/#breadcrumb"},"inLanguage":"de","potentialAction":[{"@type":"ReadAction","target":["https:\/\/vedibissone.ch\/il-pescatore\/"]}]},{"@type":"BreadcrumbList","@id":"https:\/\/vedibissone.ch\/il-pescatore\/#breadcrumb","itemListElement":[{"@type":"ListItem","position":1,"name":"Home","item":"https:\/\/vedibissone.ch\/"},{"@type":"ListItem","position":2,"name":"16. Der Fischer"}]},{"@type":"WebSite","@id":"https:\/\/vedibissone.ch\/en\/#website","url":"https:\/\/vedibissone.ch\/en\/","name":"Vedi Bissone","description":"Arte, storia e cultura","publisher":{"@id":"https:\/\/vedibissone.ch\/en\/#organization"},"potentialAction":[{"@type":"SearchAction","target":{"@type":"EntryPoint","urlTemplate":"https:\/\/vedibissone.ch\/en\/?s={search_term_string}"},"query-input":{"@type":"PropertyValueSpecification","valueRequired":true,"valueName":"search_term_string"}}],"inLanguage":"de"},{"@type":"Organization","@id":"https:\/\/vedibissone.ch\/en\/#organization","name":"Vedi Bissone","url":"https:\/\/vedibissone.ch\/en\/","logo":{"@type":"ImageObject","inLanguage":"de","@id":"https:\/\/vedibissone.ch\/en\/#\/schema\/logo\/image\/","url":"https:\/\/vedibissone.ch\/wp-content\/uploads\/2023\/06\/Logo-Bissone-def.png","contentUrl":"https:\/\/vedibissone.ch\/wp-content\/uploads\/2023\/06\/Logo-Bissone-def.png","width":600,"height":183,"caption":"Vedi Bissone"},"image":{"@id":"https:\/\/vedibissone.ch\/en\/#\/schema\/logo\/image\/"}}]}},"_links":{"self":[{"href":"https:\/\/vedibissone.ch\/de\/wp-json\/wp\/v2\/pages\/5894","targetHints":{"allow":["GET"]}}],"collection":[{"href":"https:\/\/vedibissone.ch\/de\/wp-json\/wp\/v2\/pages"}],"about":[{"href":"https:\/\/vedibissone.ch\/de\/wp-json\/wp\/v2\/types\/page"}],"author":[{"embeddable":true,"href":"https:\/\/vedibissone.ch\/de\/wp-json\/wp\/v2\/users\/1"}],"replies":[{"embeddable":true,"href":"https:\/\/vedibissone.ch\/de\/wp-json\/wp\/v2\/comments?post=5894"}],"version-history":[{"count":5,"href":"https:\/\/vedibissone.ch\/de\/wp-json\/wp\/v2\/pages\/5894\/revisions"}],"predecessor-version":[{"id":6341,"href":"https:\/\/vedibissone.ch\/de\/wp-json\/wp\/v2\/pages\/5894\/revisions\/6341"}],"wp:attachment":[{"href":"https:\/\/vedibissone.ch\/de\/wp-json\/wp\/v2\/media?parent=5894"}],"curies":[{"name":"wp","href":"https:\/\/api.w.org\/{rel}","templated":true}]}}