{"id":5908,"date":"2023-09-05T13:34:26","date_gmt":"2023-09-05T13:34:26","guid":{"rendered":"https:\/\/vedibissone.ch\/20-der-brunnen\/"},"modified":"2025-09-29T10:09:58","modified_gmt":"2025-09-29T10:09:58","slug":"der-brunnen","status":"publish","type":"page","link":"https:\/\/vedibissone.ch\/de\/der-brunnen\/","title":{"rendered":"20. Der Brunnen"},"content":{"rendered":"<p><div class=\"fusion-fullwidth fullwidth-box fusion-builder-row-1 fusion-flex-container has-pattern-background has-mask-background nonhundred-percent-fullwidth non-hundred-percent-height-scrolling\" style=\"--awb-border-radius-top-left:0px;--awb-border-radius-top-right:0px;--awb-border-radius-bottom-right:0px;--awb-border-radius-bottom-left:0px;--awb-flex-wrap:wrap;\" ><div class=\"fusion-builder-row fusion-row fusion-flex-align-items-flex-start fusion-flex-content-wrap\" style=\"max-width:1414.4px;margin-left: calc(-4% \/ 2 );margin-right: calc(-4% \/ 2 );\"><div class=\"fusion-layout-column fusion_builder_column fusion-builder-column-0 fusion_builder_column_1_1 1_1 fusion-flex-column\" style=\"--awb-bg-size:cover;--awb-width-large:100%;--awb-margin-top-large:0px;--awb-spacing-right-large:1.92%;--awb-margin-bottom-large:20px;--awb-spacing-left-large:1.92%;--awb-width-medium:100%;--awb-order-medium:0;--awb-spacing-right-medium:1.92%;--awb-spacing-left-medium:1.92%;--awb-width-small:100%;--awb-order-small:0;--awb-spacing-right-small:1.92%;--awb-spacing-left-small:1.92%;\"><div class=\"fusion-column-wrapper fusion-column-has-shadow fusion-flex-justify-content-flex-start fusion-content-layout-column\"><div class=\"fusion-separator fusion-full-width-sep\" style=\"align-self: center;margin-left: auto;margin-right: auto;margin-top:2%;width:100%;\"><\/div><div class=\"fusion-video fusion-selfhosted-video\" style=\"max-width:100%;\"><div class=\"video-wrapper\"><video playsinline=\"true\" width=\"100%\" style=\"object-fit: cover;\" autoplay=\"true\" preload=\"auto\" controls=\"1\"><source src=\"https:\/\/vedibissone.ch\/wp-content\/uploads\/2025\/09\/20-POZZO-DE.mp4\" type=\"video\/mp4\">Sorry, your browser doesn&#039;t support embedded videos.<\/video><\/div><\/div><\/div><\/div><\/div><\/div><div class=\"fusion-fullwidth fullwidth-box fusion-builder-row-2 fusion-flex-container has-pattern-background has-mask-background nonhundred-percent-fullwidth non-hundred-percent-height-scrolling\" style=\"--awb-border-radius-top-left:0px;--awb-border-radius-top-right:0px;--awb-border-radius-bottom-right:0px;--awb-border-radius-bottom-left:0px;--awb-flex-wrap:wrap;\" ><div class=\"fusion-builder-row fusion-row fusion-flex-align-items-flex-start fusion-flex-justify-content-center fusion-flex-content-wrap\" style=\"max-width:1414.4px;margin-left: calc(-4% \/ 2 );margin-right: calc(-4% \/ 2 );\"><div class=\"fusion-layout-column fusion_builder_column fusion-builder-column-1 fusion_builder_column_3_4 3_4 fusion-flex-column\" style=\"--awb-bg-size:cover;--awb-width-large:75%;--awb-margin-top-large:0px;--awb-spacing-right-large:2.56%;--awb-margin-bottom-large:0px;--awb-spacing-left-large:2.56%;--awb-width-medium:75%;--awb-order-medium:0;--awb-spacing-right-medium:2.56%;--awb-spacing-left-medium:2.56%;--awb-width-small:100%;--awb-order-small:0;--awb-spacing-right-small:1.92%;--awb-spacing-left-small:1.92%;\"><div class=\"fusion-column-wrapper fusion-column-has-shadow fusion-flex-justify-content-flex-start fusion-content-layout-column\"><div class=\"fusion-title title fusion-title-1 fusion-sep-none fusion-title-center fusion-title-text fusion-title-size-two\" style=\"--awb-margin-top-small:30px;--awb-margin-right-small:0px;--awb-margin-bottom-small:60px;--awb-margin-left-small:0px;\"><h2 class=\"fusion-title-heading title-heading-center\" style=\"margin:0;\">20. Der Brunnen<\/h2><\/div><div class=\"fusion-text fusion-text-1 fusion-text-no-margin\" style=\"--awb-content-alignment:center;--awb-font-size:20px;--awb-text-color:var(--awb-color8);--awb-margin-bottom:80px;\"><p>In Bissone wurde das Trinkwasserversorgungsnetz im Jahr 1932 gebaut.<\/p>\n<\/div><\/div><\/div><\/div><\/div><div class=\"fusion-fullwidth fullwidth-box fusion-builder-row-3 fusion-flex-container has-pattern-background has-mask-background nonhundred-percent-fullwidth non-hundred-percent-height-scrolling\" style=\"--awb-border-radius-top-left:0px;--awb-border-radius-top-right:0px;--awb-border-radius-bottom-right:0px;--awb-border-radius-bottom-left:0px;--awb-margin-top:100px;--awb-flex-wrap:wrap;\" ><div class=\"fusion-builder-row fusion-row fusion-flex-align-items-flex-start fusion-flex-justify-content-center fusion-flex-content-wrap\" style=\"max-width:1414.4px;margin-left: calc(-4% \/ 2 );margin-right: calc(-4% \/ 2 );\"><div class=\"fusion-layout-column fusion_builder_column fusion-builder-column-2 fusion_builder_column_1_1 1_1 fusion-flex-column\" style=\"--awb-bg-size:cover;--awb-width-large:100%;--awb-margin-top-large:0px;--awb-spacing-right-large:1.92%;--awb-margin-bottom-large:0px;--awb-spacing-left-large:1.92%;--awb-width-medium:100%;--awb-order-medium:0;--awb-spacing-right-medium:1.92%;--awb-spacing-left-medium:1.92%;--awb-width-small:100%;--awb-order-small:0;--awb-spacing-right-small:1.92%;--awb-spacing-left-small:1.92%;\"><div class=\"fusion-column-wrapper fusion-column-has-shadow fusion-flex-justify-content-flex-start fusion-content-layout-column\"><div class=\"fusion-title title fusion-title-2 fusion-no-small-visibility fusion-sep-none fusion-title-center fusion-title-text fusion-title-size-two\" style=\"--awb-margin-top-small:30px;--awb-margin-right-small:0px;--awb-margin-bottom-small:60px;--awb-margin-left-small:0px;\"><h2 class=\"fusion-title-heading title-heading-center\" style=\"margin:0;\">Die Geschichte<\/h2><\/div><div class=\"fusion-title title fusion-title-3 fusion-no-medium-visibility fusion-no-large-visibility fusion-sep-none fusion-title-text fusion-title-size-two\" style=\"--awb-margin-top:25px;--awb-margin-bottom:70px;--awb-margin-top-small:30px;--awb-margin-right-small:0px;--awb-margin-bottom-small:60px;--awb-margin-left-small:0px;\"><h2 class=\"fusion-title-heading title-heading-left\" style=\"margin:0;\">Die Geschichte<\/h2><\/div><div class=\"fusion-text fusion-text-2\"><p>Vor diesem Zeitpunkt erfolgte die Wasserversorgung f\u00fcr den Hausgebrauch \u00fcber Brunnen oder \u00f6ffentliche Wasserstellen. Das Wasser aus dem See wurde f\u00fcr andere Zwecke verwendet, beispielsweise zum Waschen, zum Tr\u00e4nken der Tiere oder zum Reinigen der Werkzeuge. Viele H\u00e4user hatten einen eigenen Brunnen, der sich in der Regel im Hof oder in einem Nebenraum befand. Das Wasser floss aus unterirdischen Quellzweigen oder durch Auffangen von Regenwasser, das vom Dach in den Brunnen geleitet wurde.<\/p>\n<p>Jeder Brunnen war mit einer Seilrolle ausgestattet, um den Eimer leicht hinunterzulassen und wieder hochzuziehen. Im Sommer diente der Brunnen auch als K\u00fchlschrank, vor allem f\u00fcr Fleisch, Fisch, Eier, Milch und K\u00e4se. Es konnte vorkommen, dass durch ungeschickte Handhabung der Korb mit den Lebensmitteln umkippte und der Inhalt ins Wasser fiel. In diesem Fall versuchte man mit Hilfe von Seilen mit verschiedenen Haken, die auf dem Boden verstreuten oder an der Oberfl\u00e4che schwimmenden Lebensmittel wieder zu bergen.<\/p>\n<p>Dieser Brunnen geh\u00f6rte der Familie Orsatti.<\/p>\n<\/div><\/div><\/div><div class=\"fusion-layout-column fusion_builder_column fusion-builder-column-3 fusion_builder_column_1_1 1_1 fusion-flex-column\" style=\"--awb-bg-size:cover;--awb-width-large:100%;--awb-margin-top-large:0px;--awb-spacing-right-large:1.92%;--awb-margin-bottom-large:20px;--awb-spacing-left-large:1.92%;--awb-width-medium:100%;--awb-order-medium:0;--awb-spacing-right-medium:1.92%;--awb-spacing-left-medium:1.92%;--awb-width-small:100%;--awb-order-small:0;--awb-spacing-right-small:1.92%;--awb-spacing-left-small:1.92%;\"><div class=\"fusion-column-wrapper fusion-column-has-shadow fusion-flex-justify-content-flex-start fusion-content-layout-column\"><div class=\"fusion-separator fusion-full-width-sep\" style=\"align-self: center;margin-left: auto;margin-right: auto;margin-top:2%;width:100%;\"><\/div><\/div><\/div><div class=\"fusion-layout-column fusion_builder_column fusion-builder-column-4 fusion_builder_column_1_3 1_3 fusion-flex-column\" style=\"--awb-bg-size:cover;--awb-width-large:33.333333333333%;--awb-margin-top-large:0px;--awb-spacing-right-large:5.76%;--awb-margin-bottom-large:20px;--awb-spacing-left-large:5.76%;--awb-width-medium:33.333333333333%;--awb-order-medium:0;--awb-spacing-right-medium:5.76%;--awb-spacing-left-medium:5.76%;--awb-width-small:100%;--awb-order-small:0;--awb-spacing-right-small:1.92%;--awb-spacing-left-small:1.92%;\"><div class=\"fusion-column-wrapper fusion-column-has-shadow fusion-flex-justify-content-flex-start fusion-content-layout-column\"><div class=\"fusion-image-element \" style=\"text-align:center;--awb-caption-title-font-family:var(--h2_typography-font-family);--awb-caption-title-font-weight:var(--h2_typography-font-weight);--awb-caption-title-font-style:var(--h2_typography-font-style);--awb-caption-title-size:var(--h2_typography-font-size);--awb-caption-title-transform:var(--h2_typography-text-transform);--awb-caption-title-line-height:var(--h2_typography-line-height);--awb-caption-title-letter-spacing:var(--h2_typography-letter-spacing);\"><span class=\" fusion-imageframe imageframe-none imageframe-1 hover-type-none\"><img decoding=\"async\" width=\"600\" height=\"800\" title=\"VEDI-BISSONE-POZZO-1\" src=\"https:\/\/vedibissone.ch\/wp-content\/uploads\/2025\/06\/VEDI-BISSONE-POZZO-1.jpg\" data-orig-src=\"https:\/\/vedibissone.ch\/wp-content\/uploads\/2025\/06\/VEDI-BISSONE-POZZO-1.jpg\" alt class=\"lazyload img-responsive wp-image-4856\" srcset=\"data:image\/svg+xml,%3Csvg%20xmlns%3D%27http%3A%2F%2Fwww.w3.org%2F2000%2Fsvg%27%20width%3D%27600%27%20height%3D%27800%27%20viewBox%3D%270%200%20600%20800%27%3E%3Crect%20width%3D%27600%27%20height%3D%27800%27%20fill-opacity%3D%220%22%2F%3E%3C%2Fsvg%3E\" data-srcset=\"https:\/\/vedibissone.ch\/wp-content\/uploads\/2025\/06\/VEDI-BISSONE-POZZO-1-200x267.jpg 200w, https:\/\/vedibissone.ch\/wp-content\/uploads\/2025\/06\/VEDI-BISSONE-POZZO-1-400x533.jpg 400w, https:\/\/vedibissone.ch\/wp-content\/uploads\/2025\/06\/VEDI-BISSONE-POZZO-1.jpg 600w\" data-sizes=\"auto\" data-orig-sizes=\"(max-width: 800px) 100vw, 600px\" \/><\/span><\/div><\/div><\/div><div class=\"fusion-layout-column fusion_builder_column fusion-builder-column-5 fusion_builder_column_1_3 1_3 fusion-flex-column\" style=\"--awb-bg-size:cover;--awb-width-large:33.333333333333%;--awb-margin-top-large:0px;--awb-spacing-right-large:5.76%;--awb-margin-bottom-large:20px;--awb-spacing-left-large:5.76%;--awb-width-medium:33.333333333333%;--awb-order-medium:0;--awb-spacing-right-medium:5.76%;--awb-spacing-left-medium:5.76%;--awb-width-small:100%;--awb-order-small:0;--awb-spacing-right-small:1.92%;--awb-spacing-left-small:1.92%;\"><div class=\"fusion-column-wrapper fusion-column-has-shadow fusion-flex-justify-content-flex-start fusion-content-layout-column\"><div class=\"fusion-image-element \" style=\"text-align:center;--awb-caption-title-font-family:var(--h2_typography-font-family);--awb-caption-title-font-weight:var(--h2_typography-font-weight);--awb-caption-title-font-style:var(--h2_typography-font-style);--awb-caption-title-size:var(--h2_typography-font-size);--awb-caption-title-transform:var(--h2_typography-text-transform);--awb-caption-title-line-height:var(--h2_typography-line-height);--awb-caption-title-letter-spacing:var(--h2_typography-letter-spacing);\"><span class=\" fusion-imageframe imageframe-none imageframe-2 hover-type-none\"><img decoding=\"async\" width=\"600\" height=\"800\" title=\"VEDI-BISSONE-POZZO-3\" src=\"https:\/\/vedibissone.ch\/wp-content\/uploads\/2025\/06\/VEDI-BISSONE-POZZO-3.jpg\" data-orig-src=\"https:\/\/vedibissone.ch\/wp-content\/uploads\/2025\/06\/VEDI-BISSONE-POZZO-3.jpg\" alt class=\"lazyload img-responsive wp-image-4862\" srcset=\"data:image\/svg+xml,%3Csvg%20xmlns%3D%27http%3A%2F%2Fwww.w3.org%2F2000%2Fsvg%27%20width%3D%27600%27%20height%3D%27800%27%20viewBox%3D%270%200%20600%20800%27%3E%3Crect%20width%3D%27600%27%20height%3D%27800%27%20fill-opacity%3D%220%22%2F%3E%3C%2Fsvg%3E\" data-srcset=\"https:\/\/vedibissone.ch\/wp-content\/uploads\/2025\/06\/VEDI-BISSONE-POZZO-3-200x267.jpg 200w, https:\/\/vedibissone.ch\/wp-content\/uploads\/2025\/06\/VEDI-BISSONE-POZZO-3-400x533.jpg 400w, https:\/\/vedibissone.ch\/wp-content\/uploads\/2025\/06\/VEDI-BISSONE-POZZO-3.jpg 600w\" data-sizes=\"auto\" data-orig-sizes=\"(max-width: 800px) 100vw, 600px\" \/><\/span><\/div><\/div><\/div><div class=\"fusion-layout-column fusion_builder_column fusion-builder-column-6 fusion_builder_column_1_3 1_3 fusion-flex-column\" style=\"--awb-bg-size:cover;--awb-width-large:33.333333333333%;--awb-margin-top-large:0px;--awb-spacing-right-large:5.76%;--awb-margin-bottom-large:20px;--awb-spacing-left-large:5.76%;--awb-width-medium:33.333333333333%;--awb-order-medium:0;--awb-spacing-right-medium:5.76%;--awb-spacing-left-medium:5.76%;--awb-width-small:100%;--awb-order-small:0;--awb-spacing-right-small:1.92%;--awb-spacing-left-small:1.92%;\"><div class=\"fusion-column-wrapper fusion-column-has-shadow fusion-flex-justify-content-flex-start fusion-content-layout-column\"><div class=\"fusion-image-element \" style=\"text-align:center;--awb-caption-title-font-family:var(--h2_typography-font-family);--awb-caption-title-font-weight:var(--h2_typography-font-weight);--awb-caption-title-font-style:var(--h2_typography-font-style);--awb-caption-title-size:var(--h2_typography-font-size);--awb-caption-title-transform:var(--h2_typography-text-transform);--awb-caption-title-line-height:var(--h2_typography-line-height);--awb-caption-title-letter-spacing:var(--h2_typography-letter-spacing);\"><span class=\" fusion-imageframe imageframe-none imageframe-3 hover-type-none\"><img decoding=\"async\" width=\"600\" height=\"800\" title=\"VEDI-BISSONE-POZZO-2\" src=\"https:\/\/vedibissone.ch\/wp-content\/uploads\/2025\/06\/VEDI-BISSONE-POZZO-2.jpg\" data-orig-src=\"https:\/\/vedibissone.ch\/wp-content\/uploads\/2025\/06\/VEDI-BISSONE-POZZO-2.jpg\" alt class=\"lazyload img-responsive wp-image-4859\" srcset=\"data:image\/svg+xml,%3Csvg%20xmlns%3D%27http%3A%2F%2Fwww.w3.org%2F2000%2Fsvg%27%20width%3D%27600%27%20height%3D%27800%27%20viewBox%3D%270%200%20600%20800%27%3E%3Crect%20width%3D%27600%27%20height%3D%27800%27%20fill-opacity%3D%220%22%2F%3E%3C%2Fsvg%3E\" data-srcset=\"https:\/\/vedibissone.ch\/wp-content\/uploads\/2025\/06\/VEDI-BISSONE-POZZO-2-200x267.jpg 200w, https:\/\/vedibissone.ch\/wp-content\/uploads\/2025\/06\/VEDI-BISSONE-POZZO-2-400x533.jpg 400w, https:\/\/vedibissone.ch\/wp-content\/uploads\/2025\/06\/VEDI-BISSONE-POZZO-2.jpg 600w\" data-sizes=\"auto\" data-orig-sizes=\"(max-width: 800px) 100vw, 600px\" \/><\/span><\/div><\/div><\/div><div class=\"fusion-layout-column fusion_builder_column fusion-builder-column-7 fusion_builder_column_1_1 1_1 fusion-flex-column\" style=\"--awb-bg-size:cover;--awb-width-large:100%;--awb-margin-top-large:0px;--awb-spacing-right-large:1.92%;--awb-margin-bottom-large:20px;--awb-spacing-left-large:1.92%;--awb-width-medium:100%;--awb-order-medium:0;--awb-spacing-right-medium:1.92%;--awb-spacing-left-medium:1.92%;--awb-width-small:100%;--awb-order-small:0;--awb-spacing-right-small:1.92%;--awb-spacing-left-small:1.92%;\"><div class=\"fusion-column-wrapper fusion-column-has-shadow fusion-flex-justify-content-flex-start fusion-content-layout-column\"><div class=\"fusion-separator fusion-full-width-sep\" style=\"align-self: center;margin-left: auto;margin-right: auto;margin-top:2%;width:100%;\"><\/div><div class=\"fusion-text fusion-text-3\"><p style=\"text-align: center;\">Der alte Brunnen in Contrada Gaggini 13<\/p>\n<\/div><\/div><\/div><\/div><\/div><\/p>\n","protected":false},"excerpt":{"rendered":"","protected":false},"author":1,"featured_media":0,"parent":0,"menu_order":0,"comment_status":"closed","ping_status":"closed","template":"100-width.php","meta":{"footnotes":""},"class_list":["post-5908","page","type-page","status-publish","hentry"],"yoast_head":"<!-- This site is optimized with the Yoast SEO plugin v27.4 - https:\/\/yoast.com\/product\/yoast-seo-wordpress\/ -->\n<title>20. Der Brunnen - Vedi Bissone<\/title>\n<meta name=\"robots\" content=\"index, follow, max-snippet:-1, max-image-preview:large, max-video-preview:-1\" \/>\n<link rel=\"canonical\" href=\"https:\/\/vedibissone.ch\/il-pozzo\/\" \/>\n<meta property=\"og:locale\" content=\"de_DE\" \/>\n<meta property=\"og:type\" content=\"article\" \/>\n<meta property=\"og:title\" content=\"20. Der Brunnen - Vedi Bissone\" \/>\n<meta property=\"og:url\" content=\"https:\/\/vedibissone.ch\/il-pozzo\/\" \/>\n<meta property=\"og:site_name\" content=\"Vedi Bissone\" \/>\n<meta property=\"article:modified_time\" content=\"2025-09-29T10:09:58+00:00\" \/>\n<meta name=\"twitter:card\" content=\"summary_large_image\" \/>\n<meta name=\"twitter:label1\" content=\"Gesch\u00e4tzte Lesezeit\" \/>\n\t<meta name=\"twitter:data1\" content=\"2\u00a0Minuten\" \/>\n<script type=\"application\/ld+json\" class=\"yoast-schema-graph\">{\"@context\":\"https:\\\/\\\/schema.org\",\"@graph\":[{\"@type\":\"WebPage\",\"@id\":\"https:\\\/\\\/vedibissone.ch\\\/il-pozzo\\\/\",\"url\":\"https:\\\/\\\/vedibissone.ch\\\/il-pozzo\\\/\",\"name\":\"20. Der Brunnen - Vedi Bissone\",\"isPartOf\":{\"@id\":\"https:\\\/\\\/vedibissone.ch\\\/en\\\/#website\"},\"datePublished\":\"2023-09-05T13:34:26+00:00\",\"dateModified\":\"2025-09-29T10:09:58+00:00\",\"breadcrumb\":{\"@id\":\"https:\\\/\\\/vedibissone.ch\\\/il-pozzo\\\/#breadcrumb\"},\"inLanguage\":\"de\",\"potentialAction\":[{\"@type\":\"ReadAction\",\"target\":[\"https:\\\/\\\/vedibissone.ch\\\/il-pozzo\\\/\"]}]},{\"@type\":\"BreadcrumbList\",\"@id\":\"https:\\\/\\\/vedibissone.ch\\\/il-pozzo\\\/#breadcrumb\",\"itemListElement\":[{\"@type\":\"ListItem\",\"position\":1,\"name\":\"Home\",\"item\":\"https:\\\/\\\/vedibissone.ch\\\/\"},{\"@type\":\"ListItem\",\"position\":2,\"name\":\"20. Der Brunnen\"}]},{\"@type\":\"WebSite\",\"@id\":\"https:\\\/\\\/vedibissone.ch\\\/en\\\/#website\",\"url\":\"https:\\\/\\\/vedibissone.ch\\\/en\\\/\",\"name\":\"Vedi Bissone\",\"description\":\"Arte, storia e cultura\",\"publisher\":{\"@id\":\"https:\\\/\\\/vedibissone.ch\\\/en\\\/#organization\"},\"potentialAction\":[{\"@type\":\"SearchAction\",\"target\":{\"@type\":\"EntryPoint\",\"urlTemplate\":\"https:\\\/\\\/vedibissone.ch\\\/en\\\/?s={search_term_string}\"},\"query-input\":{\"@type\":\"PropertyValueSpecification\",\"valueRequired\":true,\"valueName\":\"search_term_string\"}}],\"inLanguage\":\"de\"},{\"@type\":\"Organization\",\"@id\":\"https:\\\/\\\/vedibissone.ch\\\/en\\\/#organization\",\"name\":\"Vedi Bissone\",\"url\":\"https:\\\/\\\/vedibissone.ch\\\/en\\\/\",\"logo\":{\"@type\":\"ImageObject\",\"inLanguage\":\"de\",\"@id\":\"https:\\\/\\\/vedibissone.ch\\\/en\\\/#\\\/schema\\\/logo\\\/image\\\/\",\"url\":\"https:\\\/\\\/vedibissone.ch\\\/wp-content\\\/uploads\\\/2023\\\/06\\\/Logo-Bissone-def.png\",\"contentUrl\":\"https:\\\/\\\/vedibissone.ch\\\/wp-content\\\/uploads\\\/2023\\\/06\\\/Logo-Bissone-def.png\",\"width\":600,\"height\":183,\"caption\":\"Vedi Bissone\"},\"image\":{\"@id\":\"https:\\\/\\\/vedibissone.ch\\\/en\\\/#\\\/schema\\\/logo\\\/image\\\/\"}}]}<\/script>\n<!-- \/ Yoast SEO plugin. -->","yoast_head_json":{"title":"20. Der Brunnen - Vedi Bissone","robots":{"index":"index","follow":"follow","max-snippet":"max-snippet:-1","max-image-preview":"max-image-preview:large","max-video-preview":"max-video-preview:-1"},"canonical":"https:\/\/vedibissone.ch\/il-pozzo\/","og_locale":"de_DE","og_type":"article","og_title":"20. Der Brunnen - Vedi Bissone","og_url":"https:\/\/vedibissone.ch\/il-pozzo\/","og_site_name":"Vedi Bissone","article_modified_time":"2025-09-29T10:09:58+00:00","twitter_card":"summary_large_image","twitter_misc":{"Gesch\u00e4tzte Lesezeit":"2\u00a0Minuten"},"schema":{"@context":"https:\/\/schema.org","@graph":[{"@type":"WebPage","@id":"https:\/\/vedibissone.ch\/il-pozzo\/","url":"https:\/\/vedibissone.ch\/il-pozzo\/","name":"20. Der Brunnen - Vedi Bissone","isPartOf":{"@id":"https:\/\/vedibissone.ch\/en\/#website"},"datePublished":"2023-09-05T13:34:26+00:00","dateModified":"2025-09-29T10:09:58+00:00","breadcrumb":{"@id":"https:\/\/vedibissone.ch\/il-pozzo\/#breadcrumb"},"inLanguage":"de","potentialAction":[{"@type":"ReadAction","target":["https:\/\/vedibissone.ch\/il-pozzo\/"]}]},{"@type":"BreadcrumbList","@id":"https:\/\/vedibissone.ch\/il-pozzo\/#breadcrumb","itemListElement":[{"@type":"ListItem","position":1,"name":"Home","item":"https:\/\/vedibissone.ch\/"},{"@type":"ListItem","position":2,"name":"20. Der Brunnen"}]},{"@type":"WebSite","@id":"https:\/\/vedibissone.ch\/en\/#website","url":"https:\/\/vedibissone.ch\/en\/","name":"Vedi Bissone","description":"Arte, storia e cultura","publisher":{"@id":"https:\/\/vedibissone.ch\/en\/#organization"},"potentialAction":[{"@type":"SearchAction","target":{"@type":"EntryPoint","urlTemplate":"https:\/\/vedibissone.ch\/en\/?s={search_term_string}"},"query-input":{"@type":"PropertyValueSpecification","valueRequired":true,"valueName":"search_term_string"}}],"inLanguage":"de"},{"@type":"Organization","@id":"https:\/\/vedibissone.ch\/en\/#organization","name":"Vedi Bissone","url":"https:\/\/vedibissone.ch\/en\/","logo":{"@type":"ImageObject","inLanguage":"de","@id":"https:\/\/vedibissone.ch\/en\/#\/schema\/logo\/image\/","url":"https:\/\/vedibissone.ch\/wp-content\/uploads\/2023\/06\/Logo-Bissone-def.png","contentUrl":"https:\/\/vedibissone.ch\/wp-content\/uploads\/2023\/06\/Logo-Bissone-def.png","width":600,"height":183,"caption":"Vedi Bissone"},"image":{"@id":"https:\/\/vedibissone.ch\/en\/#\/schema\/logo\/image\/"}}]}},"_links":{"self":[{"href":"https:\/\/vedibissone.ch\/de\/wp-json\/wp\/v2\/pages\/5908","targetHints":{"allow":["GET"]}}],"collection":[{"href":"https:\/\/vedibissone.ch\/de\/wp-json\/wp\/v2\/pages"}],"about":[{"href":"https:\/\/vedibissone.ch\/de\/wp-json\/wp\/v2\/types\/page"}],"author":[{"embeddable":true,"href":"https:\/\/vedibissone.ch\/de\/wp-json\/wp\/v2\/users\/1"}],"replies":[{"embeddable":true,"href":"https:\/\/vedibissone.ch\/de\/wp-json\/wp\/v2\/comments?post=5908"}],"version-history":[{"count":6,"href":"https:\/\/vedibissone.ch\/de\/wp-json\/wp\/v2\/pages\/5908\/revisions"}],"predecessor-version":[{"id":6350,"href":"https:\/\/vedibissone.ch\/de\/wp-json\/wp\/v2\/pages\/5908\/revisions\/6350"}],"wp:attachment":[{"href":"https:\/\/vedibissone.ch\/de\/wp-json\/wp\/v2\/media?parent=5908"}],"curies":[{"name":"wp","href":"https:\/\/api.w.org\/{rel}","templated":true}]}}