{"id":6398,"date":"2023-09-05T13:26:58","date_gmt":"2023-09-05T13:26:58","guid":{"rendered":"https:\/\/vedibissone.ch\/7-maison-verda\/"},"modified":"2026-04-23T13:32:08","modified_gmt":"2026-04-23T13:32:08","slug":"maison-verda","status":"publish","type":"page","link":"https:\/\/vedibissone.ch\/fr\/maison-verda\/","title":{"rendered":"7. Maison Verda"},"content":{"rendered":"<p><div class=\"fusion-fullwidth fullwidth-box fusion-builder-row-1 fusion-flex-container has-pattern-background has-mask-background nonhundred-percent-fullwidth non-hundred-percent-height-scrolling\" style=\"--awb-border-radius-top-left:0px;--awb-border-radius-top-right:0px;--awb-border-radius-bottom-right:0px;--awb-border-radius-bottom-left:0px;--awb-flex-wrap:wrap;\" ><div class=\"fusion-builder-row fusion-row fusion-flex-align-items-flex-start fusion-flex-content-wrap\" style=\"max-width:1414.4px;margin-left: calc(-4% \/ 2 );margin-right: calc(-4% \/ 2 );\"><div class=\"fusion-layout-column fusion_builder_column fusion-builder-column-0 fusion_builder_column_1_1 1_1 fusion-flex-column\" style=\"--awb-bg-size:cover;--awb-width-large:100%;--awb-margin-top-large:0px;--awb-spacing-right-large:1.92%;--awb-margin-bottom-large:20px;--awb-spacing-left-large:1.92%;--awb-width-medium:100%;--awb-order-medium:0;--awb-spacing-right-medium:1.92%;--awb-spacing-left-medium:1.92%;--awb-width-small:100%;--awb-order-small:0;--awb-spacing-right-small:1.92%;--awb-spacing-left-small:1.92%;\"><div class=\"fusion-column-wrapper fusion-column-has-shadow fusion-flex-justify-content-flex-start fusion-content-layout-column\"><div class=\"fusion-separator fusion-full-width-sep\" style=\"align-self: center;margin-left: auto;margin-right: auto;margin-top:2%;width:100%;\"><\/div><div class=\"fusion-video fusion-selfhosted-video\" style=\"max-width:100%;\"><div class=\"video-wrapper\"><video playsinline=\"true\" width=\"100%\" style=\"object-fit: cover;\" autoplay=\"true\" preload=\"auto\" controls=\"1\"><source src=\"https:\/\/vedibissone.ch\/wp-content\/uploads\/2026\/04\/07-CASA-VERDA-FR.mp4\" type=\"video\/mp4\">Sorry, your browser doesn&#039;t support embedded videos.<\/video><\/div><\/div><\/div><\/div><\/div><\/div><div class=\"fusion-fullwidth fullwidth-box fusion-builder-row-2 fusion-flex-container has-pattern-background has-mask-background nonhundred-percent-fullwidth non-hundred-percent-height-scrolling\" style=\"--awb-border-radius-top-left:0px;--awb-border-radius-top-right:0px;--awb-border-radius-bottom-right:0px;--awb-border-radius-bottom-left:0px;--awb-flex-wrap:wrap;\" ><div class=\"fusion-builder-row fusion-row fusion-flex-align-items-flex-start fusion-flex-justify-content-center fusion-flex-content-wrap\" style=\"max-width:1414.4px;margin-left: calc(-4% \/ 2 );margin-right: calc(-4% \/ 2 );\"><div class=\"fusion-layout-column fusion_builder_column fusion-builder-column-1 fusion_builder_column_3_4 3_4 fusion-flex-column\" style=\"--awb-bg-size:cover;--awb-width-large:75%;--awb-margin-top-large:0px;--awb-spacing-right-large:2.56%;--awb-margin-bottom-large:0px;--awb-spacing-left-large:2.56%;--awb-width-medium:75%;--awb-order-medium:0;--awb-spacing-right-medium:2.56%;--awb-spacing-left-medium:2.56%;--awb-width-small:100%;--awb-order-small:0;--awb-spacing-right-small:1.92%;--awb-spacing-left-small:1.92%;\"><div class=\"fusion-column-wrapper fusion-column-has-shadow fusion-flex-justify-content-flex-start fusion-content-layout-column\"><div class=\"fusion-title title fusion-title-1 fusion-sep-none fusion-title-center fusion-title-text fusion-title-size-two\" style=\"--awb-margin-top:25px;--awb-margin-bottom:70px;--awb-margin-top-small:30px;--awb-margin-right-small:0px;--awb-margin-bottom-small:60px;--awb-margin-left-small:0px;\"><h2 class=\"fusion-title-heading title-heading-center\" style=\"margin:0;\">7. Maison Verda<\/h2><\/div><div class=\"fusion-text fusion-text-1 fusion-text-no-margin\" style=\"--awb-content-alignment:center;--awb-font-size:20px;--awb-text-color:var(--awb-color8);--awb-margin-bottom:80px;\"><p>L\u2019habitation pr\u00e9sente en fa\u00e7ade deux arcs bris\u00e9s et une loggia ouverte avec des arceaux dans la partie sup\u00e9rieure.<\/p>\n<\/div><\/div><\/div><div class=\"fusion-layout-column fusion_builder_column fusion-builder-column-2 fusion_builder_column_2_3 2_3 fusion-flex-column\" style=\"--awb-overflow:hidden;--awb-bg-size:cover;--awb-border-radius:12px 12px 12px 12px;--awb-width-large:66.666666666667%;--awb-margin-top-large:0px;--awb-spacing-right-large:2.88%;--awb-margin-bottom-large:0px;--awb-spacing-left-large:2.88%;--awb-width-medium:66.666666666667%;--awb-order-medium:0;--awb-spacing-right-medium:2.88%;--awb-spacing-left-medium:2.88%;--awb-width-small:100%;--awb-order-small:0;--awb-spacing-right-small:1.92%;--awb-spacing-left-small:1.92%;\"><div class=\"fusion-column-wrapper fusion-column-has-shadow fusion-flex-justify-content-flex-start fusion-content-layout-column\"><div class=\"fusion-image-element \" style=\"text-align:center;--awb-max-width:600px;--awb-caption-title-font-family:var(--h2_typography-font-family);--awb-caption-title-font-weight:var(--h2_typography-font-weight);--awb-caption-title-font-style:var(--h2_typography-font-style);--awb-caption-title-size:var(--h2_typography-font-size);--awb-caption-title-transform:var(--h2_typography-text-transform);--awb-caption-title-line-height:var(--h2_typography-line-height);--awb-caption-title-letter-spacing:var(--h2_typography-letter-spacing);\"><span class=\" fusion-imageframe imageframe-none imageframe-1 hover-type-none\"><img decoding=\"async\" width=\"1910\" height=\"2560\" title=\"thumbnail_7-Casa Verda senza auto\" src=\"https:\/\/vedibissone.ch\/wp-content\/uploads\/2025\/07\/thumbnail_7-Casa-Verda-senza-auto-scaled.jpg\" data-orig-src=\"https:\/\/vedibissone.ch\/wp-content\/uploads\/2025\/07\/thumbnail_7-Casa-Verda-senza-auto-scaled.jpg\" alt class=\"lazyload img-responsive wp-image-6399\" srcset=\"data:image\/svg+xml,%3Csvg%20xmlns%3D%27http%3A%2F%2Fwww.w3.org%2F2000%2Fsvg%27%20width%3D%271910%27%20height%3D%272560%27%20viewBox%3D%270%200%201910%202560%27%3E%3Crect%20width%3D%271910%27%20height%3D%272560%27%20fill-opacity%3D%220%22%2F%3E%3C%2Fsvg%3E\" data-srcset=\"https:\/\/vedibissone.ch\/wp-content\/uploads\/2025\/07\/thumbnail_7-Casa-Verda-senza-auto-200x268.jpg 200w, https:\/\/vedibissone.ch\/wp-content\/uploads\/2025\/07\/thumbnail_7-Casa-Verda-senza-auto-400x536.jpg 400w, https:\/\/vedibissone.ch\/wp-content\/uploads\/2025\/07\/thumbnail_7-Casa-Verda-senza-auto-600x804.jpg 600w, https:\/\/vedibissone.ch\/wp-content\/uploads\/2025\/07\/thumbnail_7-Casa-Verda-senza-auto-800x1073.jpg 800w, https:\/\/vedibissone.ch\/wp-content\/uploads\/2025\/07\/thumbnail_7-Casa-Verda-senza-auto-1200x1609.jpg 1200w, https:\/\/vedibissone.ch\/wp-content\/uploads\/2025\/07\/thumbnail_7-Casa-Verda-senza-auto-scaled.jpg 1910w\" data-sizes=\"auto\" data-orig-sizes=\"(max-width: 800px) 100vw, 1200px\" \/><\/span><\/div><\/div><\/div><\/div><\/div><div class=\"fusion-fullwidth fullwidth-box fusion-builder-row-3 fusion-flex-container has-pattern-background has-mask-background nonhundred-percent-fullwidth non-hundred-percent-height-scrolling\" style=\"--awb-border-radius-top-left:0px;--awb-border-radius-top-right:0px;--awb-border-radius-bottom-right:0px;--awb-border-radius-bottom-left:0px;--awb-margin-top:100px;--awb-flex-wrap:wrap;\" ><div class=\"fusion-builder-row fusion-row fusion-flex-align-items-flex-start fusion-flex-justify-content-center fusion-flex-content-wrap\" style=\"max-width:1414.4px;margin-left: calc(-4% \/ 2 );margin-right: calc(-4% \/ 2 );\"><div class=\"fusion-layout-column fusion_builder_column fusion-builder-column-3 fusion_builder_column_1_1 1_1 fusion-flex-column\" style=\"--awb-bg-size:cover;--awb-width-large:100%;--awb-margin-top-large:0px;--awb-spacing-right-large:1.92%;--awb-margin-bottom-large:0px;--awb-spacing-left-large:1.92%;--awb-width-medium:100%;--awb-order-medium:0;--awb-spacing-right-medium:1.92%;--awb-spacing-left-medium:1.92%;--awb-width-small:100%;--awb-order-small:0;--awb-spacing-right-small:1.92%;--awb-spacing-left-small:1.92%;\"><div class=\"fusion-column-wrapper fusion-column-has-shadow fusion-flex-justify-content-flex-start fusion-content-layout-column\"><div class=\"fusion-title title fusion-title-2 fusion-no-small-visibility fusion-sep-none fusion-title-center fusion-title-text fusion-title-size-two\" style=\"--awb-margin-top:25px;--awb-margin-bottom:70px;--awb-margin-top-small:30px;--awb-margin-right-small:0px;--awb-margin-bottom-small:60px;--awb-margin-left-small:0px;\"><h2 class=\"fusion-title-heading title-heading-center\" style=\"margin:0;\">L\u2019histoire<\/h2><\/div><div class=\"fusion-title title fusion-title-3 fusion-no-medium-visibility fusion-no-large-visibility fusion-sep-none fusion-title-text fusion-title-size-two\" style=\"--awb-margin-top:25px;--awb-margin-bottom:70px;--awb-margin-top-small:30px;--awb-margin-right-small:0px;--awb-margin-bottom-small:60px;--awb-margin-left-small:0px;\"><h2 class=\"fusion-title-heading title-heading-left\" style=\"margin:0;\">L\u2019histoire<\/h2><\/div><div class=\"fusion-text fusion-text-2\"><p>La fresque au centre de la fa\u00e7ade, aujourd\u2019hui malheureusement illisible, repr\u00e9sente le blason de la famille Sanseverino d\u2019Aragona.<\/p>\n<p>Pendant la p\u00e9riode de domination des Visconti et des Sforza, la famille Sanseverino poss\u00e9dait des fiefs dans le Luganese et les terres adjacentes. Roberto Sanseverino d\u2019Aragona (1417-1487), condottiere des arm\u00e9es ducales milanaises et de la r\u00e9publique v\u00e9nitienne, fut feudataire de tout le Sottoceneri de 1479 \u00e0 1484, p\u00e9riode durant laquelle son blason fut peint \u00e0 fresque sur le mur de la maison Verda. Les armoiries des Sanseverino reprennent des \u00e9l\u00e9ments appartenant d\u00e9j\u00e0 \u00e0 la maison des Visconti et des Sforza, ducs de Milan. Au centre est repr\u00e9sent\u00e9 un \u00e9cu surmont\u00e9 d\u2019un heaume d\u2019o\u00f9 sort une demoiselle indiquant une \u00e9toile \u00e0 huit branches. Sur les c\u00f4t\u00e9s, dans le cadre, les panneaux accueillent trois anneaux entrelac\u00e9s et de larges ondes. Au-dessus, dans la corniche : l\u2019\u00e9cu des Sanseverino, les armoiries des Sforza (deux aigles et deux vip\u00e8res surmont\u00e9es d\u2019une couronne) et celles des Visconti (vip\u00e8re qui avalant un Sarrasin invoquant l\u2019aide). Entre les blasons, on peut lire l\u2019inscription IO(hannes) G(alea)Z, D(u)X M(edio)L(an)I, SE(x)STUS.<\/p>\n<\/div><\/div><\/div><div class=\"fusion-layout-column fusion_builder_column fusion-builder-column-4 fusion_builder_column_1_1 1_1 fusion-flex-column\" style=\"--awb-bg-size:cover;--awb-width-large:100%;--awb-margin-top-large:0px;--awb-spacing-right-large:1.92%;--awb-margin-bottom-large:20px;--awb-spacing-left-large:1.92%;--awb-width-medium:100%;--awb-order-medium:0;--awb-spacing-right-medium:1.92%;--awb-spacing-left-medium:1.92%;--awb-width-small:100%;--awb-order-small:0;--awb-spacing-right-small:1.92%;--awb-spacing-left-small:1.92%;\"><div class=\"fusion-column-wrapper fusion-column-has-shadow fusion-flex-justify-content-flex-start fusion-content-layout-column\"><div class=\"fusion-separator fusion-full-width-sep\" style=\"align-self: center;margin-left: auto;margin-right: auto;margin-top:2%;width:100%;\"><\/div><\/div><\/div><div class=\"fusion-layout-column fusion_builder_column fusion-builder-column-5 fusion_builder_column_2_5 2_5 fusion-flex-column\" style=\"--awb-bg-size:cover;--awb-width-large:40%;--awb-margin-top-large:0px;--awb-spacing-right-large:4.8%;--awb-margin-bottom-large:20px;--awb-spacing-left-large:4.8%;--awb-width-medium:40%;--awb-order-medium:0;--awb-spacing-right-medium:4.8%;--awb-spacing-left-medium:4.8%;--awb-width-small:100%;--awb-order-small:0;--awb-spacing-right-small:1.92%;--awb-spacing-left-small:1.92%;\"><div class=\"fusion-column-wrapper fusion-column-has-shadow fusion-flex-justify-content-flex-start fusion-content-layout-column\"><div class=\"fusion-image-element \" style=\"text-align:center;--awb-caption-title-font-family:var(--h2_typography-font-family);--awb-caption-title-font-weight:var(--h2_typography-font-weight);--awb-caption-title-font-style:var(--h2_typography-font-style);--awb-caption-title-size:var(--h2_typography-font-size);--awb-caption-title-transform:var(--h2_typography-text-transform);--awb-caption-title-line-height:var(--h2_typography-line-height);--awb-caption-title-letter-spacing:var(--h2_typography-letter-spacing);\"><span class=\" fusion-imageframe imageframe-none imageframe-2 hover-type-none\" style=\"border-radius:12px;\"><img decoding=\"async\" width=\"519\" height=\"649\" title=\"CASA VERDA AFFRESCO RISTRUTTURATO\" src=\"https:\/\/vedibissone.ch\/wp-content\/uploads\/2025\/06\/CASA-VERDA-AFFRESCO-RISTRUTTURATO.jpg\" data-orig-src=\"https:\/\/vedibissone.ch\/wp-content\/uploads\/2025\/06\/CASA-VERDA-AFFRESCO-RISTRUTTURATO.jpg\" alt class=\"lazyload img-responsive wp-image-4679\" srcset=\"data:image\/svg+xml,%3Csvg%20xmlns%3D%27http%3A%2F%2Fwww.w3.org%2F2000%2Fsvg%27%20width%3D%27519%27%20height%3D%27649%27%20viewBox%3D%270%200%20519%20649%27%3E%3Crect%20width%3D%27519%27%20height%3D%27649%27%20fill-opacity%3D%220%22%2F%3E%3C%2Fsvg%3E\" data-srcset=\"https:\/\/vedibissone.ch\/wp-content\/uploads\/2025\/06\/CASA-VERDA-AFFRESCO-RISTRUTTURATO-200x250.jpg 200w, https:\/\/vedibissone.ch\/wp-content\/uploads\/2025\/06\/CASA-VERDA-AFFRESCO-RISTRUTTURATO-400x500.jpg 400w, https:\/\/vedibissone.ch\/wp-content\/uploads\/2025\/06\/CASA-VERDA-AFFRESCO-RISTRUTTURATO.jpg 519w\" data-sizes=\"auto\" data-orig-sizes=\"(max-width: 800px) 100vw, 519px\" \/><\/span><\/div><div class=\"fusion-separator fusion-full-width-sep\" style=\"align-self: center;margin-left: auto;margin-right: auto;margin-top:2%;width:100%;\"><\/div><div class=\"fusion-text fusion-text-3\"><p>Reconstitution de la fresque du XVe si\u00e8cle de Bissone, avec en son centre le blason du condottiere Roberto Sanseverino.<\/p>\n<\/div><\/div><\/div><\/div><\/div><\/p>\n","protected":false},"excerpt":{"rendered":"","protected":false},"author":1,"featured_media":6399,"parent":0,"menu_order":0,"comment_status":"closed","ping_status":"closed","template":"100-width.php","meta":{"footnotes":""},"class_list":["post-6398","page","type-page","status-publish","has-post-thumbnail","hentry"],"yoast_head":"<!-- This site is optimized with the Yoast SEO plugin v27.4 - https:\/\/yoast.com\/product\/yoast-seo-wordpress\/ -->\n<title>7. Maison Verda - Vedi Bissone<\/title>\n<meta name=\"robots\" content=\"index, follow, max-snippet:-1, max-image-preview:large, max-video-preview:-1\" \/>\n<link rel=\"canonical\" href=\"https:\/\/vedibissone.ch\/fr\/maison-verda\/\" \/>\n<meta property=\"og:locale\" content=\"fr_FR\" \/>\n<meta property=\"og:type\" content=\"article\" \/>\n<meta property=\"og:title\" content=\"7. Maison Verda - Vedi Bissone\" \/>\n<meta property=\"og:url\" content=\"https:\/\/vedibissone.ch\/fr\/maison-verda\/\" \/>\n<meta property=\"og:site_name\" content=\"Vedi Bissone\" \/>\n<meta property=\"article:modified_time\" content=\"2026-04-23T13:32:08+00:00\" \/>\n<meta property=\"og:image\" content=\"https:\/\/vedibissone.ch\/wp-content\/uploads\/2025\/07\/thumbnail_7-Casa-Verda-senza-auto-scaled.jpg\" \/>\n\t<meta property=\"og:image:width\" content=\"1910\" \/>\n\t<meta property=\"og:image:height\" content=\"2560\" \/>\n\t<meta property=\"og:image:type\" content=\"image\/jpeg\" \/>\n<meta name=\"twitter:card\" content=\"summary_large_image\" \/>\n<meta name=\"twitter:label1\" content=\"Dur\u00e9e de lecture estim\u00e9e\" \/>\n\t<meta name=\"twitter:data1\" content=\"2 minutes\" \/>\n<script type=\"application\/ld+json\" class=\"yoast-schema-graph\">{\"@context\":\"https:\\\/\\\/schema.org\",\"@graph\":[{\"@type\":\"WebPage\",\"@id\":\"https:\\\/\\\/vedibissone.ch\\\/fr\\\/maison-verda\\\/\",\"url\":\"https:\\\/\\\/vedibissone.ch\\\/fr\\\/maison-verda\\\/\",\"name\":\"7. Maison Verda - Vedi Bissone\",\"isPartOf\":{\"@id\":\"https:\\\/\\\/vedibissone.ch\\\/en\\\/#website\"},\"primaryImageOfPage\":{\"@id\":\"https:\\\/\\\/vedibissone.ch\\\/fr\\\/maison-verda\\\/#primaryimage\"},\"image\":{\"@id\":\"https:\\\/\\\/vedibissone.ch\\\/fr\\\/maison-verda\\\/#primaryimage\"},\"thumbnailUrl\":\"https:\\\/\\\/vedibissone.ch\\\/wp-content\\\/uploads\\\/2025\\\/07\\\/thumbnail_7-Casa-Verda-senza-auto-scaled.jpg\",\"datePublished\":\"2023-09-05T13:26:58+00:00\",\"dateModified\":\"2026-04-23T13:32:08+00:00\",\"breadcrumb\":{\"@id\":\"https:\\\/\\\/vedibissone.ch\\\/fr\\\/maison-verda\\\/#breadcrumb\"},\"inLanguage\":\"fr-FR\",\"potentialAction\":[{\"@type\":\"ReadAction\",\"target\":[\"https:\\\/\\\/vedibissone.ch\\\/fr\\\/maison-verda\\\/\"]}]},{\"@type\":\"ImageObject\",\"inLanguage\":\"fr-FR\",\"@id\":\"https:\\\/\\\/vedibissone.ch\\\/fr\\\/maison-verda\\\/#primaryimage\",\"url\":\"https:\\\/\\\/vedibissone.ch\\\/wp-content\\\/uploads\\\/2025\\\/07\\\/thumbnail_7-Casa-Verda-senza-auto-scaled.jpg\",\"contentUrl\":\"https:\\\/\\\/vedibissone.ch\\\/wp-content\\\/uploads\\\/2025\\\/07\\\/thumbnail_7-Casa-Verda-senza-auto-scaled.jpg\",\"width\":1910,\"height\":2560},{\"@type\":\"BreadcrumbList\",\"@id\":\"https:\\\/\\\/vedibissone.ch\\\/fr\\\/maison-verda\\\/#breadcrumb\",\"itemListElement\":[{\"@type\":\"ListItem\",\"position\":1,\"name\":\"Home\",\"item\":\"https:\\\/\\\/vedibissone.ch\\\/\"},{\"@type\":\"ListItem\",\"position\":2,\"name\":\"7. Maison Verda\"}]},{\"@type\":\"WebSite\",\"@id\":\"https:\\\/\\\/vedibissone.ch\\\/en\\\/#website\",\"url\":\"https:\\\/\\\/vedibissone.ch\\\/en\\\/\",\"name\":\"Vedi Bissone\",\"description\":\"Arte, storia e cultura\",\"publisher\":{\"@id\":\"https:\\\/\\\/vedibissone.ch\\\/en\\\/#organization\"},\"potentialAction\":[{\"@type\":\"SearchAction\",\"target\":{\"@type\":\"EntryPoint\",\"urlTemplate\":\"https:\\\/\\\/vedibissone.ch\\\/en\\\/?s={search_term_string}\"},\"query-input\":{\"@type\":\"PropertyValueSpecification\",\"valueRequired\":true,\"valueName\":\"search_term_string\"}}],\"inLanguage\":\"fr-FR\"},{\"@type\":\"Organization\",\"@id\":\"https:\\\/\\\/vedibissone.ch\\\/en\\\/#organization\",\"name\":\"Vedi Bissone\",\"url\":\"https:\\\/\\\/vedibissone.ch\\\/en\\\/\",\"logo\":{\"@type\":\"ImageObject\",\"inLanguage\":\"fr-FR\",\"@id\":\"https:\\\/\\\/vedibissone.ch\\\/en\\\/#\\\/schema\\\/logo\\\/image\\\/\",\"url\":\"https:\\\/\\\/vedibissone.ch\\\/wp-content\\\/uploads\\\/2023\\\/06\\\/Logo-Bissone-def.png\",\"contentUrl\":\"https:\\\/\\\/vedibissone.ch\\\/wp-content\\\/uploads\\\/2023\\\/06\\\/Logo-Bissone-def.png\",\"width\":600,\"height\":183,\"caption\":\"Vedi Bissone\"},\"image\":{\"@id\":\"https:\\\/\\\/vedibissone.ch\\\/en\\\/#\\\/schema\\\/logo\\\/image\\\/\"}}]}<\/script>\n<!-- \/ Yoast SEO plugin. -->","yoast_head_json":{"title":"7. Maison Verda - Vedi Bissone","robots":{"index":"index","follow":"follow","max-snippet":"max-snippet:-1","max-image-preview":"max-image-preview:large","max-video-preview":"max-video-preview:-1"},"canonical":"https:\/\/vedibissone.ch\/fr\/maison-verda\/","og_locale":"fr_FR","og_type":"article","og_title":"7. Maison Verda - Vedi Bissone","og_url":"https:\/\/vedibissone.ch\/fr\/maison-verda\/","og_site_name":"Vedi Bissone","article_modified_time":"2026-04-23T13:32:08+00:00","og_image":[{"width":1910,"height":2560,"url":"https:\/\/vedibissone.ch\/wp-content\/uploads\/2025\/07\/thumbnail_7-Casa-Verda-senza-auto-scaled.jpg","type":"image\/jpeg"}],"twitter_card":"summary_large_image","twitter_misc":{"Dur\u00e9e de lecture estim\u00e9e":"2 minutes"},"schema":{"@context":"https:\/\/schema.org","@graph":[{"@type":"WebPage","@id":"https:\/\/vedibissone.ch\/fr\/maison-verda\/","url":"https:\/\/vedibissone.ch\/fr\/maison-verda\/","name":"7. Maison Verda - Vedi Bissone","isPartOf":{"@id":"https:\/\/vedibissone.ch\/en\/#website"},"primaryImageOfPage":{"@id":"https:\/\/vedibissone.ch\/fr\/maison-verda\/#primaryimage"},"image":{"@id":"https:\/\/vedibissone.ch\/fr\/maison-verda\/#primaryimage"},"thumbnailUrl":"https:\/\/vedibissone.ch\/wp-content\/uploads\/2025\/07\/thumbnail_7-Casa-Verda-senza-auto-scaled.jpg","datePublished":"2023-09-05T13:26:58+00:00","dateModified":"2026-04-23T13:32:08+00:00","breadcrumb":{"@id":"https:\/\/vedibissone.ch\/fr\/maison-verda\/#breadcrumb"},"inLanguage":"fr-FR","potentialAction":[{"@type":"ReadAction","target":["https:\/\/vedibissone.ch\/fr\/maison-verda\/"]}]},{"@type":"ImageObject","inLanguage":"fr-FR","@id":"https:\/\/vedibissone.ch\/fr\/maison-verda\/#primaryimage","url":"https:\/\/vedibissone.ch\/wp-content\/uploads\/2025\/07\/thumbnail_7-Casa-Verda-senza-auto-scaled.jpg","contentUrl":"https:\/\/vedibissone.ch\/wp-content\/uploads\/2025\/07\/thumbnail_7-Casa-Verda-senza-auto-scaled.jpg","width":1910,"height":2560},{"@type":"BreadcrumbList","@id":"https:\/\/vedibissone.ch\/fr\/maison-verda\/#breadcrumb","itemListElement":[{"@type":"ListItem","position":1,"name":"Home","item":"https:\/\/vedibissone.ch\/"},{"@type":"ListItem","position":2,"name":"7. Maison Verda"}]},{"@type":"WebSite","@id":"https:\/\/vedibissone.ch\/en\/#website","url":"https:\/\/vedibissone.ch\/en\/","name":"Vedi Bissone","description":"Arte, storia e cultura","publisher":{"@id":"https:\/\/vedibissone.ch\/en\/#organization"},"potentialAction":[{"@type":"SearchAction","target":{"@type":"EntryPoint","urlTemplate":"https:\/\/vedibissone.ch\/en\/?s={search_term_string}"},"query-input":{"@type":"PropertyValueSpecification","valueRequired":true,"valueName":"search_term_string"}}],"inLanguage":"fr-FR"},{"@type":"Organization","@id":"https:\/\/vedibissone.ch\/en\/#organization","name":"Vedi Bissone","url":"https:\/\/vedibissone.ch\/en\/","logo":{"@type":"ImageObject","inLanguage":"fr-FR","@id":"https:\/\/vedibissone.ch\/en\/#\/schema\/logo\/image\/","url":"https:\/\/vedibissone.ch\/wp-content\/uploads\/2023\/06\/Logo-Bissone-def.png","contentUrl":"https:\/\/vedibissone.ch\/wp-content\/uploads\/2023\/06\/Logo-Bissone-def.png","width":600,"height":183,"caption":"Vedi Bissone"},"image":{"@id":"https:\/\/vedibissone.ch\/en\/#\/schema\/logo\/image\/"}}]}},"_links":{"self":[{"href":"https:\/\/vedibissone.ch\/fr\/wp-json\/wp\/v2\/pages\/6398","targetHints":{"allow":["GET"]}}],"collection":[{"href":"https:\/\/vedibissone.ch\/fr\/wp-json\/wp\/v2\/pages"}],"about":[{"href":"https:\/\/vedibissone.ch\/fr\/wp-json\/wp\/v2\/types\/page"}],"author":[{"embeddable":true,"href":"https:\/\/vedibissone.ch\/fr\/wp-json\/wp\/v2\/users\/1"}],"replies":[{"embeddable":true,"href":"https:\/\/vedibissone.ch\/fr\/wp-json\/wp\/v2\/comments?post=6398"}],"version-history":[{"count":4,"href":"https:\/\/vedibissone.ch\/fr\/wp-json\/wp\/v2\/pages\/6398\/revisions"}],"predecessor-version":[{"id":6667,"href":"https:\/\/vedibissone.ch\/fr\/wp-json\/wp\/v2\/pages\/6398\/revisions\/6667"}],"wp:featuredmedia":[{"embeddable":true,"href":"https:\/\/vedibissone.ch\/fr\/wp-json\/wp\/v2\/media\/6399"}],"wp:attachment":[{"href":"https:\/\/vedibissone.ch\/fr\/wp-json\/wp\/v2\/media?parent=6398"}],"curies":[{"name":"wp","href":"https:\/\/api.w.org\/{rel}","templated":true}]}}