{"id":6449,"date":"2023-09-05T13:33:34","date_gmt":"2023-09-05T13:33:34","guid":{"rendered":"https:\/\/vedibissone.ch\/19-neviera\/"},"modified":"2026-04-27T09:50:27","modified_gmt":"2026-04-27T09:50:27","slug":"neviera","status":"publish","type":"page","link":"https:\/\/vedibissone.ch\/fr\/neviera\/","title":{"rendered":"19. Neviera"},"content":{"rendered":"<p><div class=\"fusion-fullwidth fullwidth-box fusion-builder-row-1 fusion-flex-container has-pattern-background has-mask-background nonhundred-percent-fullwidth non-hundred-percent-height-scrolling\" style=\"--awb-border-radius-top-left:0px;--awb-border-radius-top-right:0px;--awb-border-radius-bottom-right:0px;--awb-border-radius-bottom-left:0px;--awb-flex-wrap:wrap;\" ><div class=\"fusion-builder-row fusion-row fusion-flex-align-items-flex-start fusion-flex-content-wrap\" style=\"max-width:1414.4px;margin-left: calc(-4% \/ 2 );margin-right: calc(-4% \/ 2 );\"><div class=\"fusion-layout-column fusion_builder_column fusion-builder-column-0 fusion_builder_column_1_1 1_1 fusion-flex-column\" style=\"--awb-bg-size:cover;--awb-width-large:100%;--awb-margin-top-large:0px;--awb-spacing-right-large:1.92%;--awb-margin-bottom-large:20px;--awb-spacing-left-large:1.92%;--awb-width-medium:100%;--awb-order-medium:0;--awb-spacing-right-medium:1.92%;--awb-spacing-left-medium:1.92%;--awb-width-small:100%;--awb-order-small:0;--awb-spacing-right-small:1.92%;--awb-spacing-left-small:1.92%;\"><div class=\"fusion-column-wrapper fusion-column-has-shadow fusion-flex-justify-content-flex-start fusion-content-layout-column\"><div class=\"fusion-separator fusion-full-width-sep\" style=\"align-self: center;margin-left: auto;margin-right: auto;margin-top:2%;width:100%;\"><\/div><div class=\"fusion-video fusion-selfhosted-video\" style=\"max-width:100%;\"><div class=\"video-wrapper\"><video playsinline=\"true\" width=\"100%\" style=\"object-fit: cover;\" autoplay=\"true\" preload=\"auto\" controls=\"1\"><source src=\"https:\/\/vedibissone.ch\/wp-content\/uploads\/2026\/04\/19-NEVIERA-FR.mp4\" type=\"video\/mp4\">Sorry, your browser doesn&#039;t support embedded videos.<\/video><\/div><\/div><\/div><\/div><\/div><\/div><div class=\"fusion-fullwidth fullwidth-box fusion-builder-row-2 fusion-flex-container has-pattern-background has-mask-background nonhundred-percent-fullwidth non-hundred-percent-height-scrolling\" style=\"--awb-border-radius-top-left:0px;--awb-border-radius-top-right:0px;--awb-border-radius-bottom-right:0px;--awb-border-radius-bottom-left:0px;--awb-flex-wrap:wrap;\" ><div class=\"fusion-builder-row fusion-row fusion-flex-align-items-flex-start fusion-flex-justify-content-center fusion-flex-content-wrap\" style=\"max-width:1414.4px;margin-left: calc(-4% \/ 2 );margin-right: calc(-4% \/ 2 );\"><div class=\"fusion-layout-column fusion_builder_column fusion-builder-column-1 fusion_builder_column_3_4 3_4 fusion-flex-column\" style=\"--awb-bg-size:cover;--awb-width-large:75%;--awb-margin-top-large:0px;--awb-spacing-right-large:2.56%;--awb-margin-bottom-large:0px;--awb-spacing-left-large:2.56%;--awb-width-medium:75%;--awb-order-medium:0;--awb-spacing-right-medium:2.56%;--awb-spacing-left-medium:2.56%;--awb-width-small:100%;--awb-order-small:0;--awb-spacing-right-small:1.92%;--awb-spacing-left-small:1.92%;\"><div class=\"fusion-column-wrapper fusion-column-has-shadow fusion-flex-justify-content-flex-start fusion-content-layout-column\"><div class=\"fusion-title title fusion-title-1 fusion-sep-none fusion-title-center fusion-title-text fusion-title-size-two\" style=\"--awb-margin-top:25px;--awb-margin-bottom:70px;--awb-margin-top-small:30px;--awb-margin-right-small:0px;--awb-margin-bottom-small:60px;--awb-margin-left-small:0px;\"><h2 class=\"fusion-title-heading title-heading-center\" style=\"margin:0;\">19. Neviera<\/h2><\/div><div class=\"fusion-text fusion-text-1 fusion-text-no-margin\" style=\"--awb-content-alignment:center;--awb-font-size:20px;--awb-text-color:var(--awb-color8);--awb-margin-bottom:80px;\"><p>La construction de glaci\u00e8res ou de nevi\u00e8res, \u00ab nev\u00e8ra en dialecte \u00bb, remonte \u00e0 des temps imm\u00e9moriaux et concerne notre r\u00e9gion jusqu\u2019aux Pr\u00e9alpes.<\/p>\n<\/div><div class=\"fusion-image-element \" style=\"text-align:center;--awb-max-width:600px;--awb-caption-title-font-family:var(--h2_typography-font-family);--awb-caption-title-font-weight:var(--h2_typography-font-weight);--awb-caption-title-font-style:var(--h2_typography-font-style);--awb-caption-title-size:var(--h2_typography-font-size);--awb-caption-title-transform:var(--h2_typography-text-transform);--awb-caption-title-line-height:var(--h2_typography-line-height);--awb-caption-title-letter-spacing:var(--h2_typography-letter-spacing);\"><span class=\" fusion-imageframe imageframe-none imageframe-1 hover-type-none\"><img decoding=\"async\" width=\"1920\" height=\"2560\" title=\"Portone della Nevera\" src=\"https:\/\/vedibissone.ch\/wp-content\/uploads\/2025\/07\/Portone-della-Nevera-scaled.jpg\" data-orig-src=\"https:\/\/vedibissone.ch\/wp-content\/uploads\/2025\/07\/Portone-della-Nevera-scaled.jpg\" alt class=\"lazyload img-responsive wp-image-5352\" srcset=\"data:image\/svg+xml,%3Csvg%20xmlns%3D%27http%3A%2F%2Fwww.w3.org%2F2000%2Fsvg%27%20width%3D%271920%27%20height%3D%272560%27%20viewBox%3D%270%200%201920%202560%27%3E%3Crect%20width%3D%271920%27%20height%3D%272560%27%20fill-opacity%3D%220%22%2F%3E%3C%2Fsvg%3E\" data-srcset=\"https:\/\/vedibissone.ch\/wp-content\/uploads\/2025\/07\/Portone-della-Nevera-200x267.jpg 200w, https:\/\/vedibissone.ch\/wp-content\/uploads\/2025\/07\/Portone-della-Nevera-400x533.jpg 400w, https:\/\/vedibissone.ch\/wp-content\/uploads\/2025\/07\/Portone-della-Nevera-600x800.jpg 600w, https:\/\/vedibissone.ch\/wp-content\/uploads\/2025\/07\/Portone-della-Nevera-800x1067.jpg 800w, https:\/\/vedibissone.ch\/wp-content\/uploads\/2025\/07\/Portone-della-Nevera-1200x1600.jpg 1200w, https:\/\/vedibissone.ch\/wp-content\/uploads\/2025\/07\/Portone-della-Nevera-scaled.jpg 1920w\" data-sizes=\"auto\" data-orig-sizes=\"(max-width: 800px) 100vw, 1200px\" \/><\/span><\/div><\/div><\/div><\/div><\/div><div class=\"fusion-fullwidth fullwidth-box fusion-builder-row-3 fusion-flex-container has-pattern-background has-mask-background nonhundred-percent-fullwidth non-hundred-percent-height-scrolling\" style=\"--awb-border-radius-top-left:0px;--awb-border-radius-top-right:0px;--awb-border-radius-bottom-right:0px;--awb-border-radius-bottom-left:0px;--awb-margin-top:100px;--awb-flex-wrap:wrap;\" ><div class=\"fusion-builder-row fusion-row fusion-flex-align-items-flex-start fusion-flex-justify-content-center fusion-flex-content-wrap\" style=\"max-width:1414.4px;margin-left: calc(-4% \/ 2 );margin-right: calc(-4% \/ 2 );\"><div class=\"fusion-layout-column fusion_builder_column fusion-builder-column-2 fusion_builder_column_1_1 1_1 fusion-flex-column\" style=\"--awb-bg-size:cover;--awb-width-large:100%;--awb-margin-top-large:0px;--awb-spacing-right-large:1.92%;--awb-margin-bottom-large:0px;--awb-spacing-left-large:1.92%;--awb-width-medium:100%;--awb-order-medium:0;--awb-spacing-right-medium:1.92%;--awb-spacing-left-medium:1.92%;--awb-width-small:100%;--awb-order-small:0;--awb-spacing-right-small:1.92%;--awb-spacing-left-small:1.92%;\"><div class=\"fusion-column-wrapper fusion-column-has-shadow fusion-flex-justify-content-flex-start fusion-content-layout-column\"><div class=\"fusion-title title fusion-title-2 fusion-no-small-visibility fusion-sep-none fusion-title-center fusion-title-text fusion-title-size-two\" style=\"--awb-margin-top:25px;--awb-margin-bottom:70px;--awb-margin-top-small:30px;--awb-margin-right-small:0px;--awb-margin-bottom-small:60px;--awb-margin-left-small:0px;\"><h2 class=\"fusion-title-heading title-heading-center\" style=\"margin:0;\">L\u2019histoire<\/h2><\/div><div class=\"fusion-title title fusion-title-3 fusion-no-medium-visibility fusion-no-large-visibility fusion-sep-none fusion-title-text fusion-title-size-two\" style=\"--awb-margin-top:25px;--awb-margin-bottom:70px;--awb-margin-top-small:30px;--awb-margin-right-small:0px;--awb-margin-bottom-small:60px;--awb-margin-left-small:0px;\"><h2 class=\"fusion-title-heading title-heading-left\" style=\"margin:0;\">L\u2019histoire<\/h2><\/div><div class=\"fusion-text fusion-text-2\"><p>La conservation de la neige dans des fosses ou des \u00e9difices sp\u00e9cifiques, g\u00e9n\u00e9ralement enterr\u00e9s au moins partiellement, est une pratique attest\u00e9e d\u00e8s le Moyen \u00c2ge.<\/p>\n<p>En Lombardie, on conna\u00eet des nevi\u00e8res (trous \u00e0 neige) et des glaci\u00e8res remontant au XVe si\u00e8cle. L&rsquo;usage de la glace \u00e0 des fins sanitaires (compresses, inflammations, etc.) a en effet des origines tr\u00e8s anciennes. Dans les r\u00e9gions lacustres, la glace form\u00e9e \u00e0 la surface de l&rsquo;eau \u00e9tait bris\u00e9e et stock\u00e9e dans des glaci\u00e8res, d&rsquo;o\u00f9 elle \u00e9tait ensuite extraite, principalement pour la conservation du poisson. En r\u00e8gle g\u00e9n\u00e9rale, l&rsquo;utilisation des nevi\u00e8res r\u00e9pondait au besoin de conserver des denr\u00e9es alimentaires (viande, charcuterie, \u0153ufs, beurre, lait, fromages, etc.).<\/p>\n<p>Remplies en hiver, elles permettaient de maintenir les aliments au frais jusqu&rsquo;en mai-juin. Des marches en pierre, scell\u00e9es \u00e0 l&rsquo;int\u00e9rieur du mur p\u00e9rim\u00e9tral, permettaient de descendre au fur et \u00e0 mesure que le niveau de la neige compress\u00e9e baissait.<\/p>\n<p>La neviera de Bissone se situe dans la contrada Paolo Veronese ; elle a \u00e9t\u00e9 am\u00e9nag\u00e9e dans un local partiellement enterr\u00e9 au milieu duquel a \u00e9t\u00e9 creus\u00e9e une fosse circulaire d&rsquo;environ 6,50 m\u00e8tres de diam\u00e8tre. On la remplissait par l&rsquo;arri\u00e8re, ce qui permettait de conserver le poisson pendant plusieurs mois.<\/p>\n<\/div><\/div><\/div><div class=\"fusion-layout-column fusion_builder_column fusion-builder-column-3 fusion_builder_column_1_1 1_1 fusion-flex-column\" style=\"--awb-bg-size:cover;--awb-width-large:100%;--awb-margin-top-large:0px;--awb-spacing-right-large:1.92%;--awb-margin-bottom-large:20px;--awb-spacing-left-large:1.92%;--awb-width-medium:100%;--awb-order-medium:0;--awb-spacing-right-medium:1.92%;--awb-spacing-left-medium:1.92%;--awb-width-small:100%;--awb-order-small:0;--awb-spacing-right-small:1.92%;--awb-spacing-left-small:1.92%;\"><div class=\"fusion-column-wrapper fusion-column-has-shadow fusion-flex-justify-content-flex-start fusion-content-layout-column\"><div class=\"fusion-separator fusion-full-width-sep\" style=\"align-self: center;margin-left: auto;margin-right: auto;margin-top:2%;width:100%;\"><\/div><\/div><\/div><div class=\"fusion-layout-column fusion_builder_column fusion-builder-column-4 fusion_builder_column_1_1 1_1 fusion-flex-column\" style=\"--awb-bg-size:cover;--awb-width-large:100%;--awb-margin-top-large:0px;--awb-spacing-right-large:1.92%;--awb-margin-bottom-large:20px;--awb-spacing-left-large:1.92%;--awb-width-medium:100%;--awb-order-medium:0;--awb-spacing-right-medium:1.92%;--awb-spacing-left-medium:1.92%;--awb-width-small:100%;--awb-order-small:0;--awb-spacing-right-small:1.92%;--awb-spacing-left-small:1.92%;\"><div class=\"fusion-column-wrapper fusion-column-has-shadow fusion-flex-justify-content-flex-start fusion-content-layout-column\"><div class=\"fusion-text fusion-text-3\"><h3>Les glaci\u00e8res domestiques<\/h3>\n<p><img decoding=\"async\" class=\"lazyload size-full wp-image-4845 alignleft\" src=\"https:\/\/vedibissone.ch\/wp-content\/uploads\/2025\/06\/neviere.jpg\" data-orig-src=\"https:\/\/vedibissone.ch\/wp-content\/uploads\/2025\/06\/neviere.jpg\" alt=\"\" width=\"338\" height=\"407\" srcset=\"data:image\/svg+xml,%3Csvg%20xmlns%3D%27http%3A%2F%2Fwww.w3.org%2F2000%2Fsvg%27%20width%3D%27338%27%20height%3D%27407%27%20viewBox%3D%270%200%20338%20407%27%3E%3Crect%20width%3D%27338%27%20height%3D%27407%27%20fill-opacity%3D%220%22%2F%3E%3C%2Fsvg%3E\" data-srcset=\"https:\/\/vedibissone.ch\/wp-content\/uploads\/2025\/06\/neviere-200x241.jpg 200w, https:\/\/vedibissone.ch\/wp-content\/uploads\/2025\/06\/neviere-249x300.jpg 249w, https:\/\/vedibissone.ch\/wp-content\/uploads\/2025\/06\/neviere.jpg 338w\" data-sizes=\"auto\" data-orig-sizes=\"(max-width: 338px) 100vw, 338px\" \/>Apr\u00e8s les nevi\u00e8res, surtout dans les zones urbaines, apparurent les glaci\u00e8res domestiques. Ces derni\u00e8res consistaient g\u00e9n\u00e9ralement en un meuble \u00e0 deux ou trois compartiments : dans l\u2019un d\u2019eux, tapiss\u00e9 de t\u00f4le galvanis\u00e9e, on pla\u00e7ait le pain de glace ou de la glace pil\u00e9e, tandis que les denr\u00e9es p\u00e9rissables prenaient place sur les c\u00f4t\u00e9s.<\/p>\n<p>Un robinet situ\u00e9 sous le meuble permettait de r\u00e9cup\u00e9rer l\u2019eau de fonte.<\/p>\n<\/div><div class=\"fusion-separator fusion-full-width-sep\" style=\"align-self: center;margin-left: auto;margin-right: auto;margin-top:2%;width:100%;\"><\/div><div class=\"fusion-text fusion-text-4\"><h3>Le r\u00e9frig\u00e9rateur \u00e9lectrique et le cong\u00e9lateur<\/h3>\n<p>L\u2019invention du r\u00e9frig\u00e9rateur \u00e9lectrique remonte \u00e0 1913 et est attribu\u00e9e \u00e0 l\u2019Am\u00e9ricain Fred W. Wolf. Si la d\u00e9couverte n\u2019a pas rencontr\u00e9 un grand succ\u00e8s \u00e0 l\u2019\u00e9poque, elle a eu le m\u00e9rite de lancer de nouvelles recherches menant \u00e0 la production industrielle de ce pr\u00e9cieux appareil \u00e9lectrom\u00e9nager. La possibilit\u00e9 de produire du froid artificiel a modifi\u00e9 les modes de vie dans le monde entier et a provoqu\u00e9 une v\u00e9ritable r\u00e9volution, surtout dans le commerce alimentaire.<\/p>\n<p>Au Tessin, ces effets b\u00e9n\u00e9fiques se sont fait sentir d\u00e8s le milieu du si\u00e8cle dernier, avec l\u2019arriv\u00e9e des premiers r\u00e9frig\u00e9rateurs \u00e0 ammoniac qui ont supplant\u00e9 les glaci\u00e8res domestiques d&rsquo;autrefois. Par la suite, port\u00e9s par des solutions technologiques toujours plus avanc\u00e9es, les cong\u00e9lateurs et les produits surgel\u00e9s ont fait leur apparition. Aujourd\u2019hui, l&rsquo;acc\u00e8s au froid artificiel fait tellement partie du quotidien que les jeunes g\u00e9n\u00e9rations ont du mal \u00e0 imaginer comment on pouvait s\u2019en passer autrefois.<\/p>\n<\/div><div class=\"fusion-text fusion-text-5\"><p style=\"text-align: center;\">Aujourd&rsquo;hui, l&rsquo;ancienne maison de neige, surtout en \u00e9t\u00e9, sert de lieu de rassemblement convivial.<\/p>\n<\/div><div class=\"fusion-image-element \" style=\"text-align:center;--awb-caption-title-font-family:var(--h2_typography-font-family);--awb-caption-title-font-weight:var(--h2_typography-font-weight);--awb-caption-title-font-style:var(--h2_typography-font-style);--awb-caption-title-size:var(--h2_typography-font-size);--awb-caption-title-transform:var(--h2_typography-text-transform);--awb-caption-title-line-height:var(--h2_typography-line-height);--awb-caption-title-letter-spacing:var(--h2_typography-letter-spacing);\"><span class=\" fusion-imageframe imageframe-none imageframe-2 hover-type-none\"><img decoding=\"async\" width=\"669\" height=\"399\" title=\"VEDI-BISSONE-NEVIERA-GROTTO\" src=\"https:\/\/vedibissone.ch\/wp-content\/uploads\/2025\/06\/VEDI-BISSONE-NEVIERA-GROTTO.jpg\" data-orig-src=\"https:\/\/vedibissone.ch\/wp-content\/uploads\/2025\/06\/VEDI-BISSONE-NEVIERA-GROTTO.jpg\" alt class=\"lazyload img-responsive wp-image-4849\" srcset=\"data:image\/svg+xml,%3Csvg%20xmlns%3D%27http%3A%2F%2Fwww.w3.org%2F2000%2Fsvg%27%20width%3D%27669%27%20height%3D%27399%27%20viewBox%3D%270%200%20669%20399%27%3E%3Crect%20width%3D%27669%27%20height%3D%27399%27%20fill-opacity%3D%220%22%2F%3E%3C%2Fsvg%3E\" data-srcset=\"https:\/\/vedibissone.ch\/wp-content\/uploads\/2025\/06\/VEDI-BISSONE-NEVIERA-GROTTO-200x119.jpg 200w, https:\/\/vedibissone.ch\/wp-content\/uploads\/2025\/06\/VEDI-BISSONE-NEVIERA-GROTTO-400x239.jpg 400w, https:\/\/vedibissone.ch\/wp-content\/uploads\/2025\/06\/VEDI-BISSONE-NEVIERA-GROTTO-600x358.jpg 600w, https:\/\/vedibissone.ch\/wp-content\/uploads\/2025\/06\/VEDI-BISSONE-NEVIERA-GROTTO.jpg 669w\" data-sizes=\"auto\" data-orig-sizes=\"(max-width: 800px) 100vw, 669px\" \/><\/span><\/div><\/div><\/div><\/div><\/div><\/p>\n","protected":false},"excerpt":{"rendered":"","protected":false},"author":1,"featured_media":0,"parent":0,"menu_order":0,"comment_status":"closed","ping_status":"closed","template":"100-width.php","meta":{"footnotes":""},"class_list":["post-6449","page","type-page","status-publish","hentry"],"yoast_head":"<!-- This site is optimized with the Yoast SEO plugin v27.4 - https:\/\/yoast.com\/product\/yoast-seo-wordpress\/ -->\n<title>19. Neviera - Vedi Bissone<\/title>\n<meta name=\"robots\" content=\"index, follow, max-snippet:-1, max-image-preview:large, max-video-preview:-1\" \/>\n<link rel=\"canonical\" href=\"https:\/\/vedibissone.ch\/fr\/neviera\/\" \/>\n<meta property=\"og:locale\" content=\"fr_FR\" \/>\n<meta property=\"og:type\" content=\"article\" \/>\n<meta property=\"og:title\" content=\"19. Neviera - Vedi Bissone\" \/>\n<meta property=\"og:url\" content=\"https:\/\/vedibissone.ch\/fr\/neviera\/\" \/>\n<meta property=\"og:site_name\" content=\"Vedi Bissone\" \/>\n<meta property=\"article:modified_time\" content=\"2026-04-27T09:50:27+00:00\" \/>\n<meta property=\"og:image\" content=\"https:\/\/vedibissone.ch\/wp-content\/uploads\/2025\/06\/neviere.jpg\" \/>\n<meta name=\"twitter:card\" content=\"summary_large_image\" \/>\n<meta name=\"twitter:label1\" content=\"Dur\u00e9e de lecture estim\u00e9e\" \/>\n\t<meta name=\"twitter:data1\" content=\"4 minutes\" \/>\n<script type=\"application\/ld+json\" class=\"yoast-schema-graph\">{\"@context\":\"https:\\\/\\\/schema.org\",\"@graph\":[{\"@type\":\"WebPage\",\"@id\":\"https:\\\/\\\/vedibissone.ch\\\/fr\\\/neviera\\\/\",\"url\":\"https:\\\/\\\/vedibissone.ch\\\/fr\\\/neviera\\\/\",\"name\":\"19. Neviera - Vedi Bissone\",\"isPartOf\":{\"@id\":\"https:\\\/\\\/vedibissone.ch\\\/en\\\/#website\"},\"primaryImageOfPage\":{\"@id\":\"https:\\\/\\\/vedibissone.ch\\\/fr\\\/neviera\\\/#primaryimage\"},\"image\":{\"@id\":\"https:\\\/\\\/vedibissone.ch\\\/fr\\\/neviera\\\/#primaryimage\"},\"thumbnailUrl\":\"https:\\\/\\\/vedibissone.ch\\\/wp-content\\\/uploads\\\/2025\\\/06\\\/neviere.jpg\",\"datePublished\":\"2023-09-05T13:33:34+00:00\",\"dateModified\":\"2026-04-27T09:50:27+00:00\",\"breadcrumb\":{\"@id\":\"https:\\\/\\\/vedibissone.ch\\\/fr\\\/neviera\\\/#breadcrumb\"},\"inLanguage\":\"fr-FR\",\"potentialAction\":[{\"@type\":\"ReadAction\",\"target\":[\"https:\\\/\\\/vedibissone.ch\\\/fr\\\/neviera\\\/\"]}]},{\"@type\":\"ImageObject\",\"inLanguage\":\"fr-FR\",\"@id\":\"https:\\\/\\\/vedibissone.ch\\\/fr\\\/neviera\\\/#primaryimage\",\"url\":\"https:\\\/\\\/vedibissone.ch\\\/wp-content\\\/uploads\\\/2025\\\/06\\\/neviere.jpg\",\"contentUrl\":\"https:\\\/\\\/vedibissone.ch\\\/wp-content\\\/uploads\\\/2025\\\/06\\\/neviere.jpg\"},{\"@type\":\"BreadcrumbList\",\"@id\":\"https:\\\/\\\/vedibissone.ch\\\/fr\\\/neviera\\\/#breadcrumb\",\"itemListElement\":[{\"@type\":\"ListItem\",\"position\":1,\"name\":\"Home\",\"item\":\"https:\\\/\\\/vedibissone.ch\\\/\"},{\"@type\":\"ListItem\",\"position\":2,\"name\":\"19. Neviera\"}]},{\"@type\":\"WebSite\",\"@id\":\"https:\\\/\\\/vedibissone.ch\\\/en\\\/#website\",\"url\":\"https:\\\/\\\/vedibissone.ch\\\/en\\\/\",\"name\":\"Vedi Bissone\",\"description\":\"Arte, storia e cultura\",\"publisher\":{\"@id\":\"https:\\\/\\\/vedibissone.ch\\\/en\\\/#organization\"},\"potentialAction\":[{\"@type\":\"SearchAction\",\"target\":{\"@type\":\"EntryPoint\",\"urlTemplate\":\"https:\\\/\\\/vedibissone.ch\\\/en\\\/?s={search_term_string}\"},\"query-input\":{\"@type\":\"PropertyValueSpecification\",\"valueRequired\":true,\"valueName\":\"search_term_string\"}}],\"inLanguage\":\"fr-FR\"},{\"@type\":\"Organization\",\"@id\":\"https:\\\/\\\/vedibissone.ch\\\/en\\\/#organization\",\"name\":\"Vedi Bissone\",\"url\":\"https:\\\/\\\/vedibissone.ch\\\/en\\\/\",\"logo\":{\"@type\":\"ImageObject\",\"inLanguage\":\"fr-FR\",\"@id\":\"https:\\\/\\\/vedibissone.ch\\\/en\\\/#\\\/schema\\\/logo\\\/image\\\/\",\"url\":\"https:\\\/\\\/vedibissone.ch\\\/wp-content\\\/uploads\\\/2023\\\/06\\\/Logo-Bissone-def.png\",\"contentUrl\":\"https:\\\/\\\/vedibissone.ch\\\/wp-content\\\/uploads\\\/2023\\\/06\\\/Logo-Bissone-def.png\",\"width\":600,\"height\":183,\"caption\":\"Vedi Bissone\"},\"image\":{\"@id\":\"https:\\\/\\\/vedibissone.ch\\\/en\\\/#\\\/schema\\\/logo\\\/image\\\/\"}}]}<\/script>\n<!-- \/ Yoast SEO plugin. -->","yoast_head_json":{"title":"19. Neviera - Vedi Bissone","robots":{"index":"index","follow":"follow","max-snippet":"max-snippet:-1","max-image-preview":"max-image-preview:large","max-video-preview":"max-video-preview:-1"},"canonical":"https:\/\/vedibissone.ch\/fr\/neviera\/","og_locale":"fr_FR","og_type":"article","og_title":"19. Neviera - Vedi Bissone","og_url":"https:\/\/vedibissone.ch\/fr\/neviera\/","og_site_name":"Vedi Bissone","article_modified_time":"2026-04-27T09:50:27+00:00","og_image":[{"url":"https:\/\/vedibissone.ch\/wp-content\/uploads\/2025\/06\/neviere.jpg","type":"","width":"","height":""}],"twitter_card":"summary_large_image","twitter_misc":{"Dur\u00e9e de lecture estim\u00e9e":"4 minutes"},"schema":{"@context":"https:\/\/schema.org","@graph":[{"@type":"WebPage","@id":"https:\/\/vedibissone.ch\/fr\/neviera\/","url":"https:\/\/vedibissone.ch\/fr\/neviera\/","name":"19. Neviera - Vedi Bissone","isPartOf":{"@id":"https:\/\/vedibissone.ch\/en\/#website"},"primaryImageOfPage":{"@id":"https:\/\/vedibissone.ch\/fr\/neviera\/#primaryimage"},"image":{"@id":"https:\/\/vedibissone.ch\/fr\/neviera\/#primaryimage"},"thumbnailUrl":"https:\/\/vedibissone.ch\/wp-content\/uploads\/2025\/06\/neviere.jpg","datePublished":"2023-09-05T13:33:34+00:00","dateModified":"2026-04-27T09:50:27+00:00","breadcrumb":{"@id":"https:\/\/vedibissone.ch\/fr\/neviera\/#breadcrumb"},"inLanguage":"fr-FR","potentialAction":[{"@type":"ReadAction","target":["https:\/\/vedibissone.ch\/fr\/neviera\/"]}]},{"@type":"ImageObject","inLanguage":"fr-FR","@id":"https:\/\/vedibissone.ch\/fr\/neviera\/#primaryimage","url":"https:\/\/vedibissone.ch\/wp-content\/uploads\/2025\/06\/neviere.jpg","contentUrl":"https:\/\/vedibissone.ch\/wp-content\/uploads\/2025\/06\/neviere.jpg"},{"@type":"BreadcrumbList","@id":"https:\/\/vedibissone.ch\/fr\/neviera\/#breadcrumb","itemListElement":[{"@type":"ListItem","position":1,"name":"Home","item":"https:\/\/vedibissone.ch\/"},{"@type":"ListItem","position":2,"name":"19. Neviera"}]},{"@type":"WebSite","@id":"https:\/\/vedibissone.ch\/en\/#website","url":"https:\/\/vedibissone.ch\/en\/","name":"Vedi Bissone","description":"Arte, storia e cultura","publisher":{"@id":"https:\/\/vedibissone.ch\/en\/#organization"},"potentialAction":[{"@type":"SearchAction","target":{"@type":"EntryPoint","urlTemplate":"https:\/\/vedibissone.ch\/en\/?s={search_term_string}"},"query-input":{"@type":"PropertyValueSpecification","valueRequired":true,"valueName":"search_term_string"}}],"inLanguage":"fr-FR"},{"@type":"Organization","@id":"https:\/\/vedibissone.ch\/en\/#organization","name":"Vedi Bissone","url":"https:\/\/vedibissone.ch\/en\/","logo":{"@type":"ImageObject","inLanguage":"fr-FR","@id":"https:\/\/vedibissone.ch\/en\/#\/schema\/logo\/image\/","url":"https:\/\/vedibissone.ch\/wp-content\/uploads\/2023\/06\/Logo-Bissone-def.png","contentUrl":"https:\/\/vedibissone.ch\/wp-content\/uploads\/2023\/06\/Logo-Bissone-def.png","width":600,"height":183,"caption":"Vedi Bissone"},"image":{"@id":"https:\/\/vedibissone.ch\/en\/#\/schema\/logo\/image\/"}}]}},"_links":{"self":[{"href":"https:\/\/vedibissone.ch\/fr\/wp-json\/wp\/v2\/pages\/6449","targetHints":{"allow":["GET"]}}],"collection":[{"href":"https:\/\/vedibissone.ch\/fr\/wp-json\/wp\/v2\/pages"}],"about":[{"href":"https:\/\/vedibissone.ch\/fr\/wp-json\/wp\/v2\/types\/page"}],"author":[{"embeddable":true,"href":"https:\/\/vedibissone.ch\/fr\/wp-json\/wp\/v2\/users\/1"}],"replies":[{"embeddable":true,"href":"https:\/\/vedibissone.ch\/fr\/wp-json\/wp\/v2\/comments?post=6449"}],"version-history":[{"count":7,"href":"https:\/\/vedibissone.ch\/fr\/wp-json\/wp\/v2\/pages\/6449\/revisions"}],"predecessor-version":[{"id":6746,"href":"https:\/\/vedibissone.ch\/fr\/wp-json\/wp\/v2\/pages\/6449\/revisions\/6746"}],"wp:attachment":[{"href":"https:\/\/vedibissone.ch\/fr\/wp-json\/wp\/v2\/media?parent=6449"}],"curies":[{"name":"wp","href":"https:\/\/api.w.org\/{rel}","templated":true}]}}